{"id":36235,"date":"2025-12-16T14:22:44","date_gmt":"2025-12-16T13:22:44","guid":{"rendered":"https:\/\/trotajueves.es\/libreria\/?post_type=product&#038;p=36235"},"modified":"2025-12-22T22:21:35","modified_gmt":"2025-12-22T21:21:35","slug":"un-mundo-sin-miedo","status":"publish","type":"product","link":"https:\/\/trotajueves.es\/libreria\/producto\/un-mundo-sin-miedo\/","title":{"rendered":"Un mundo sin miedo"},"content":{"rendered":"<p>AUTOR: Garz\u00f3n, Baltasar<\/p>\n<p>I.S.B.N.: 9788401379208<\/p>\n<p>A\u00f1o: 2005<\/p>\n<p>Editorial: PLAZA &amp; JANES<\/p>\n<p>P\u00e1ginas: 436<\/p>\n<p>Precio: 2 \u20ac<\/p>\n","protected":false},"excerpt":{"rendered":"<p>AUTOR: Garz\u00f3n, Baltasar I.S.B.N.: 9788401379208 A\u00f1o: 2005 Editorial: PLAZA &amp; JANES P\u00e1ginas: 436 Precio: 2 \u20ac<\/p>\n","protected":false},"featured_media":36236,"template":"","meta":{"_joinchat":[]},"product_brand":[],"product_cat":[42,43],"product_tag":[106,234,69,72],"class_list":{"0":"post-36235","1":"product","2":"type-product","3":"status-publish","4":"has-post-thumbnail","6":"product_cat-ensayo","7":"product_cat-humanidades","8":"product_tag-espana","9":"product_tag-humanidades","10":"product_tag-pensamiento","11":"product_tag-politica","12":"pa_estado-usado","14":"first","15":"instock","16":"shipping-taxable","17":"purchasable","18":"product-type-simple"},"_links":{"self":[{"href":"https:\/\/trotajueves.es\/libreria\/wp-json\/wp\/v2\/product\/36235","targetHints":{"allow":["GET"]}}],"collection":[{"href":"https:\/\/trotajueves.es\/libreria\/wp-json\/wp\/v2\/product"}],"about":[{"href":"https:\/\/trotajueves.es\/libreria\/wp-json\/wp\/v2\/types\/product"}],"wp:featuredmedia":[{"embeddable":true,"href":"https:\/\/trotajueves.es\/libreria\/wp-json\/wp\/v2\/media\/36236"}],"wp:attachment":[{"href":"https:\/\/trotajueves.es\/libreria\/wp-json\/wp\/v2\/media?parent=36235"}],"wp:term":[{"taxonomy":"product_brand","embeddable":true,"href":"https:\/\/trotajueves.es\/libreria\/wp-json\/wp\/v2\/product_brand?post=36235"},{"taxonomy":"product_cat","embeddable":true,"href":"https:\/\/trotajueves.es\/libreria\/wp-json\/wp\/v2\/product_cat?post=36235"},{"taxonomy":"product_tag","embeddable":true,"href":"https:\/\/trotajueves.es\/libreria\/wp-json\/wp\/v2\/product_tag?post=36235"}],"curies":[{"name":"wp","href":"https:\/\/api.w.org\/{rel}","templated":true}]}}