{"id":36243,"date":"2025-12-16T14:39:03","date_gmt":"2025-12-16T13:39:03","guid":{"rendered":"https:\/\/trotajueves.es\/libreria\/?post_type=product&#038;p=36243"},"modified":"2025-12-22T21:39:42","modified_gmt":"2025-12-22T20:39:42","slug":"1001-comics-que-hay-que-leer-antes-de-morir","status":"publish","type":"product","link":"https:\/\/trotajueves.es\/libreria\/producto\/1001-comics-que-hay-que-leer-antes-de-morir\/","title":{"rendered":"1001 c\u00f3mics que hay que leer antes de morir"},"content":{"rendered":"<p>PARA ENV\u00cdO CONSULTAR A LA LIBRER\u00cdA<\/p>\n<p>AUTOR:\u00a0 Gravett, Paul<\/p>\n<p>ESTADO:\u00a0 \u00a0Muy bueno<\/p>\n<p>I.S.B.N.: 9788425347702<\/p>\n<p>A\u00f1o:\u00a0 \u00a0 2012<\/p>\n<p>Editorial: Grijalbo<\/p>\n<p>P\u00e1ginas:\u00a0 \u00a0960<\/p>\n<p>Precio: 40 \u20ac<\/p>\n","protected":false},"excerpt":{"rendered":"<p>PARA ENV\u00cdO CONSULTAR A LA LIBRER\u00cdA AUTOR:\u00a0 Gravett, Paul ESTADO:\u00a0 \u00a0Muy bueno I.S.B.N.: 9788425347702 A\u00f1o:\u00a0 \u00a0 2012 Editorial: Grijalbo P\u00e1ginas:\u00a0 \u00a0960 Precio: 40 \u20ac<\/p>\n","protected":false},"featured_media":36244,"template":"","meta":{"_joinchat":[]},"product_brand":[],"product_cat":[41,605,79],"product_tag":[285,405],"class_list":{"0":"post-36243","1":"product","2":"type-product","3":"status-publish","4":"has-post-thumbnail","6":"product_cat-album","7":"product_cat-comic-novela-grafica","8":"product_cat-otros","9":"product_tag-comic","10":"product_tag-tebeo","11":"product_shipping_class-paquetes-pesados","12":"pa_estado-usado","14":"first","15":"instock","16":"shipping-taxable","17":"purchasable","18":"product-type-simple"},"_links":{"self":[{"href":"https:\/\/trotajueves.es\/libreria\/wp-json\/wp\/v2\/product\/36243","targetHints":{"allow":["GET"]}}],"collection":[{"href":"https:\/\/trotajueves.es\/libreria\/wp-json\/wp\/v2\/product"}],"about":[{"href":"https:\/\/trotajueves.es\/libreria\/wp-json\/wp\/v2\/types\/product"}],"wp:featuredmedia":[{"embeddable":true,"href":"https:\/\/trotajueves.es\/libreria\/wp-json\/wp\/v2\/media\/36244"}],"wp:attachment":[{"href":"https:\/\/trotajueves.es\/libreria\/wp-json\/wp\/v2\/media?parent=36243"}],"wp:term":[{"taxonomy":"product_brand","embeddable":true,"href":"https:\/\/trotajueves.es\/libreria\/wp-json\/wp\/v2\/product_brand?post=36243"},{"taxonomy":"product_cat","embeddable":true,"href":"https:\/\/trotajueves.es\/libreria\/wp-json\/wp\/v2\/product_cat?post=36243"},{"taxonomy":"product_tag","embeddable":true,"href":"https:\/\/trotajueves.es\/libreria\/wp-json\/wp\/v2\/product_tag?post=36243"}],"curies":[{"name":"wp","href":"https:\/\/api.w.org\/{rel}","templated":true}]}}