{"id":36512,"date":"2026-03-03T23:30:26","date_gmt":"2026-03-03T22:30:26","guid":{"rendered":"https:\/\/trotajueves.es\/libreria\/?post_type=product&#038;p=36512"},"modified":"2026-03-29T15:09:17","modified_gmt":"2026-03-29T13:09:17","slug":"socio","status":"publish","type":"product","link":"https:\/\/trotajueves.es\/libreria\/producto\/socio\/","title":{"rendered":"SOCIO"},"content":{"rendered":"<p>POR SOLO 25\u20ac AL A\u00d1O<\/p>\n<p>CUANDO HAGAS LA COMPRA POR FAVOR ENV\u00cdANOS TU NOMBRE COMPLETO Y DNI a.<\/p>\n<p>trotamadrid@gmail.com<\/p>\n<p>Para completar tu asociaci\u00f3n<\/p>\n<p>EN LA LIBRER\u00cdA EL TROTAJUEVES TE ESPERA UN REGALITO. AC\u00c9RCATE Y SER\u00c1 TUYO<\/p>\n","protected":false},"excerpt":{"rendered":"<p>SOCIO POR SOLO 25\u20ac AL A\u00d1O<\/p>\n<p>EN LA LIBRER\u00cdA EL TROTAJUEVES TE ESPERA UN REGALITO. AC\u00c9RCATE Y SER\u00c1 TUYO<\/p>\n","protected":false},"featured_media":36513,"template":"","meta":{"_joinchat":[]},"product_brand":[],"product_cat":[630],"product_tag":[632],"class_list":{"0":"post-36512","1":"product","2":"type-product","3":"status-publish","4":"has-post-thumbnail","6":"product_cat-hazte-socio","7":"product_tag-socio","9":"first","10":"instock","11":"virtual","12":"purchasable","13":"product-type-simple"},"_links":{"self":[{"href":"https:\/\/trotajueves.es\/libreria\/wp-json\/wp\/v2\/product\/36512","targetHints":{"allow":["GET"]}}],"collection":[{"href":"https:\/\/trotajueves.es\/libreria\/wp-json\/wp\/v2\/product"}],"about":[{"href":"https:\/\/trotajueves.es\/libreria\/wp-json\/wp\/v2\/types\/product"}],"wp:featuredmedia":[{"embeddable":true,"href":"https:\/\/trotajueves.es\/libreria\/wp-json\/wp\/v2\/media\/36513"}],"wp:attachment":[{"href":"https:\/\/trotajueves.es\/libreria\/wp-json\/wp\/v2\/media?parent=36512"}],"wp:term":[{"taxonomy":"product_brand","embeddable":true,"href":"https:\/\/trotajueves.es\/libreria\/wp-json\/wp\/v2\/product_brand?post=36512"},{"taxonomy":"product_cat","embeddable":true,"href":"https:\/\/trotajueves.es\/libreria\/wp-json\/wp\/v2\/product_cat?post=36512"},{"taxonomy":"product_tag","embeddable":true,"href":"https:\/\/trotajueves.es\/libreria\/wp-json\/wp\/v2\/product_tag?post=36512"}],"curies":[{"name":"wp","href":"https:\/\/api.w.org\/{rel}","templated":true}]}}