{"id":3693,"date":"2016-03-17T15:35:46","date_gmt":"2016-03-17T15:35:46","guid":{"rendered":"http:\/\/trotajueves.es\/libreria\/?product=los-estados-unidos-de-america"},"modified":"2016-03-17T15:40:33","modified_gmt":"2016-03-17T15:40:33","slug":"los-estados-unidos-de-america","status":"publish","type":"product","link":"https:\/\/trotajueves.es\/libreria\/producto\/los-estados-unidos-de-america\/","title":{"rendered":"Los estados unidos de Am\u00e9rica"},"content":{"rendered":"<p>AUTOR:\u00a0\u00a0\u00a0\u00a0\u00a0\u00a0\u00a0\u00a0\u00a0\u00a0\u00a0 willi Paul Adams<\/p>\n<p>ESTADO:\u00a0\u00a0\u00a0\u00a0\u00a0\u00a0\u00a0\u00a0 usado<\/p>\n<p>I.S.B.N.:\u00a0\u00a0\u00a0\u00a0\u00a0\u00a0\u00a0\u00a0\u00a0\u00a0 84-323-0348-8<\/p>\n<p>A\u00f1o:\u00a0\u00a0\u00a0\u00a0 1991<\/p>\n<p>Editorial:\u00a0\u00a0\u00a0\u00a0\u00a0\u00a0\u00a0\u00a0\u00a0\u00a0 siglo XXI de Espa\u00f1a<\/p>\n<p>P\u00e1ginas:\u00a0\u00a0\u00a0\u00a0\u00a0\u00a0\u00a0\u00a0\u00a0\u00a0 492<\/p>\n<p>Precio:\u00a0 3 \u20ac<\/p>\n","protected":false},"excerpt":{"rendered":"<p>Esta Historia universal SIGLO XXI, preparada y editada inicialmente por Fischer Verlag (Alemania), sigue un nuevo concepto: exponer la totalidad de los acontecimientos del mundo, dar todo su valor a la historia de los pa\u00edses y pueblos de Asia, \u00c1frica y Am\u00e9rica.<\/p>\n","protected":false},"featured_media":3694,"template":"","meta":{"_joinchat":[]},"product_brand":[],"product_cat":[42,43],"product_tag":[224,59,69,72,76],"class_list":{"0":"post-3693","1":"product","2":"type-product","3":"status-publish","4":"has-post-thumbnail","6":"product_cat-ensayo","7":"product_cat-humanidades","8":"product_tag-ensayo","9":"product_tag-historia","10":"product_tag-pensamiento","11":"product_tag-politica","12":"product_tag-sociologia","13":"pa_estado-nuevo","15":"first","16":"instock","17":"shipping-taxable","18":"purchasable","19":"product-type-simple"},"_links":{"self":[{"href":"https:\/\/trotajueves.es\/libreria\/wp-json\/wp\/v2\/product\/3693","targetHints":{"allow":["GET"]}}],"collection":[{"href":"https:\/\/trotajueves.es\/libreria\/wp-json\/wp\/v2\/product"}],"about":[{"href":"https:\/\/trotajueves.es\/libreria\/wp-json\/wp\/v2\/types\/product"}],"wp:featuredmedia":[{"embeddable":true,"href":"https:\/\/trotajueves.es\/libreria\/wp-json\/wp\/v2\/media\/3694"}],"wp:attachment":[{"href":"https:\/\/trotajueves.es\/libreria\/wp-json\/wp\/v2\/media?parent=3693"}],"wp:term":[{"taxonomy":"product_brand","embeddable":true,"href":"https:\/\/trotajueves.es\/libreria\/wp-json\/wp\/v2\/product_brand?post=3693"},{"taxonomy":"product_cat","embeddable":true,"href":"https:\/\/trotajueves.es\/libreria\/wp-json\/wp\/v2\/product_cat?post=3693"},{"taxonomy":"product_tag","embeddable":true,"href":"https:\/\/trotajueves.es\/libreria\/wp-json\/wp\/v2\/product_tag?post=3693"}],"curies":[{"name":"wp","href":"https:\/\/api.w.org\/{rel}","templated":true}]}}