{"id":3710,"date":"2016-03-23T19:46:58","date_gmt":"2016-03-23T19:46:58","guid":{"rendered":"http:\/\/trotajueves.es\/libreria\/?product=la-piqueta"},"modified":"2020-05-27T17:58:33","modified_gmt":"2020-05-27T17:58:33","slug":"la-piqueta","status":"publish","type":"product","link":"https:\/\/trotajueves.es\/libreria\/producto\/la-piqueta\/","title":{"rendered":"La piqueta"},"content":{"rendered":"<p>AUTOR: \u00a0 \u00a0 \u00a0 \u00a0\u00a0 Antonio Ferres<\/p>\n<p>ESTADO: \u00a0\u00a0\u00a0\u00a0 nuevo<\/p>\n<p>I.S.B.N.: \u00a0 \u00a0 \u00a0 \u00a0 978-84-942018-6-8<\/p>\n<p>A\u00f1o:\u00a0\u00a0\u00a0\u00a0 2014<\/p>\n<p>Editorial: \u00a0 \u00a0 \u00a0 \u00a0\u00a0 gadir bolsillo<\/p>\n<p>P\u00e1ginas: \u00a0 \u00a0\u00a0184<\/p>\n<p>Precio: \u00a0 9,90 \u20ac<\/p>\n","protected":false},"excerpt":{"rendered":"<p>En <em>La piqueta<\/em> encontramos al mejor Ferres, con sus tintes barojianos, siempre singular e inconfundible. Novela aclamada por la cr\u00edtica tras su publicaci\u00f3n, consagr\u00f3 definitivamente a su autor, y est\u00e1 considerada como un cl\u00e1sico del siglo XX. La atm\u00f3sfera creada alrededor del angustioso hecho anunciado desde la primera p\u00e1gina, el magistral juego con los tiempos, el ritmo narrativo, el acierto en el trazo de los personajes atrapan al lector desde el principio, lo implican en la trama, y le hacen sentirse parte de ella.<\/p>\n","protected":false},"featured_media":3711,"template":"","meta":{"_joinchat":[]},"product_brand":[],"product_cat":[30,32],"product_tag":[7,106,59,68,223,76],"class_list":{"0":"post-3710","1":"product","2":"type-product","3":"status-publish","4":"has-post-thumbnail","6":"product_cat-novela","7":"product_cat-novelaespanola","8":"product_tag-contemporanea","9":"product_tag-espana","10":"product_tag-historia","11":"product_tag-novela-2","12":"product_tag-novela-espanola","13":"product_tag-sociologia","14":"pa_estado-nuevo","16":"first","17":"instock","18":"featured","19":"shipping-taxable","20":"purchasable","21":"product-type-simple"},"_links":{"self":[{"href":"https:\/\/trotajueves.es\/libreria\/wp-json\/wp\/v2\/product\/3710","targetHints":{"allow":["GET"]}}],"collection":[{"href":"https:\/\/trotajueves.es\/libreria\/wp-json\/wp\/v2\/product"}],"about":[{"href":"https:\/\/trotajueves.es\/libreria\/wp-json\/wp\/v2\/types\/product"}],"wp:featuredmedia":[{"embeddable":true,"href":"https:\/\/trotajueves.es\/libreria\/wp-json\/wp\/v2\/media\/3711"}],"wp:attachment":[{"href":"https:\/\/trotajueves.es\/libreria\/wp-json\/wp\/v2\/media?parent=3710"}],"wp:term":[{"taxonomy":"product_brand","embeddable":true,"href":"https:\/\/trotajueves.es\/libreria\/wp-json\/wp\/v2\/product_brand?post=3710"},{"taxonomy":"product_cat","embeddable":true,"href":"https:\/\/trotajueves.es\/libreria\/wp-json\/wp\/v2\/product_cat?post=3710"},{"taxonomy":"product_tag","embeddable":true,"href":"https:\/\/trotajueves.es\/libreria\/wp-json\/wp\/v2\/product_tag?post=3710"}],"curies":[{"name":"wp","href":"https:\/\/api.w.org\/{rel}","templated":true}]}}