{"id":3716,"date":"2016-04-02T10:13:30","date_gmt":"2016-04-02T10:13:30","guid":{"rendered":"http:\/\/trotajueves.es\/libreria\/?product=viaje-a-portugal"},"modified":"2016-04-04T12:14:35","modified_gmt":"2016-04-04T12:14:35","slug":"viaje-a-portugal","status":"publish","type":"product","link":"https:\/\/trotajueves.es\/libreria\/producto\/viaje-a-portugal\/","title":{"rendered":"Viaje a Portugal"},"content":{"rendered":"<p>AUTOR: Jos\u00e9 Saramago<\/p>\n<p>ESTADO: usado<\/p>\n<p>I.S.B.N.: 84-8130-219-8<\/p>\n<p>A\u00f1o: 1999<\/p>\n<p>Editorial: \u00a0 \u00a0 el mundo<\/p>\n<p>P\u00e1ginas: 415<\/p>\n<p>Precio: 3 \u20ac<\/p>\n","protected":false},"excerpt":{"rendered":"<p>La obra de Jos\u00e9 Saramago <em>Viaje a Portugal<\/em>\u00a0no es una gu\u00eda art\u00edstica o cultural del pa\u00eds vecino, no un recorrido hacia el interior del viajero.\u00bbEs un libro casi autobiogr\u00e1fico\u00bb resumi\u00f3 el autor portugu\u00e9s. Saramago quer\u00eda saber d\u00f3nde estaba la realidad y encontrarse reflejado en este recorrido por su pa\u00eds.<\/p>\n","protected":false},"featured_media":3722,"template":"","meta":{"_joinchat":[]},"product_brand":[],"product_cat":[201,206,34],"product_tag":[47,202,51,121,59,97,93],"class_list":{"0":"post-3716","1":"product","2":"type-product","3":"status-publish","4":"has-post-thumbnail","6":"product_cat-biografias-de-viajes","7":"product_cat-europa","8":"product_cat-viaje","9":"product_tag-biografia","10":"product_tag-biografia-de-viaje","11":"product_tag-clasico","12":"product_tag-europa","13":"product_tag-historia","14":"product_tag-portugal","15":"product_tag-viaje-2","16":"pa_estado-usado","18":"first","19":"instock","20":"featured","21":"shipping-taxable","22":"purchasable","23":"product-type-simple"},"_links":{"self":[{"href":"https:\/\/trotajueves.es\/libreria\/wp-json\/wp\/v2\/product\/3716","targetHints":{"allow":["GET"]}}],"collection":[{"href":"https:\/\/trotajueves.es\/libreria\/wp-json\/wp\/v2\/product"}],"about":[{"href":"https:\/\/trotajueves.es\/libreria\/wp-json\/wp\/v2\/types\/product"}],"wp:featuredmedia":[{"embeddable":true,"href":"https:\/\/trotajueves.es\/libreria\/wp-json\/wp\/v2\/media\/3722"}],"wp:attachment":[{"href":"https:\/\/trotajueves.es\/libreria\/wp-json\/wp\/v2\/media?parent=3716"}],"wp:term":[{"taxonomy":"product_brand","embeddable":true,"href":"https:\/\/trotajueves.es\/libreria\/wp-json\/wp\/v2\/product_brand?post=3716"},{"taxonomy":"product_cat","embeddable":true,"href":"https:\/\/trotajueves.es\/libreria\/wp-json\/wp\/v2\/product_cat?post=3716"},{"taxonomy":"product_tag","embeddable":true,"href":"https:\/\/trotajueves.es\/libreria\/wp-json\/wp\/v2\/product_tag?post=3716"}],"curies":[{"name":"wp","href":"https:\/\/api.w.org\/{rel}","templated":true}]}}