{"id":3973,"date":"2016-08-02T15:36:00","date_gmt":"2016-08-02T15:36:00","guid":{"rendered":"http:\/\/trotajueves.es\/libreria\/?product=antologia-de-la-poesia-espanola"},"modified":"2016-08-02T15:39:31","modified_gmt":"2016-08-02T15:39:31","slug":"antologia-de-la-poesia-espanola","status":"publish","type":"product","link":"https:\/\/trotajueves.es\/libreria\/producto\/antologia-de-la-poesia-espanola\/","title":{"rendered":"Antolog\u00eda de la Poes\u00eda espa\u00f1ola"},"content":{"rendered":"<p>AUTOR: \u00a0 \u00a0 \u00a0 \u00a0 VVAA<\/p>\n<p>ESTADO: \u00a0 \u00a0\u00a0 usado<\/p>\n<p>I.S.B.N.:\u00a0\u00a0 84-483-0696-1<\/p>\n<p>A\u00f1o:\u00a0\u00a0\u00a0\u00a0 2002<\/p>\n<p>Editorial: \u00a0 \u00a0 \u00a0 \u00a0 Acento editorial<\/p>\n<p>paginas:\u00a0\u00a0\u00a0 141<\/p>\n<p>Precio: \u00a0 3\u00a0 \u20ac<\/p>\n","protected":false},"excerpt":{"rendered":"<p>AUTOR: \u00a0 \u00a0 \u00a0 \u00a0 VVAA ESTADO: \u00a0 \u00a0\u00a0 usado I.S.B.N.:\u00a0\u00a0 84-483-0696-1 A\u00f1o:\u00a0\u00a0\u00a0\u00a0 2002 Editorial: \u00a0 \u00a0 \u00a0 \u00a0 Acento editorial paginas:\u00a0\u00a0\u00a0 141 Precio: \u00a0 3\u00a0 \u20ac<\/p>\n","protected":false},"featured_media":3974,"template":"","meta":{"_joinchat":[]},"product_brand":[],"product_cat":[43,79,40],"product_tag":[106,59,234,64,69,71],"class_list":{"0":"post-3973","1":"product","2":"type-product","3":"status-publish","4":"has-post-thumbnail","6":"product_cat-humanidades","7":"product_cat-otros","8":"product_cat-poesia","9":"product_tag-espana","10":"product_tag-historia","11":"product_tag-humanidades","12":"product_tag-literatura","13":"product_tag-pensamiento","14":"product_tag-poesia-2","15":"pa_estado-usado","17":"first","18":"instock","19":"shipping-taxable","20":"purchasable","21":"product-type-simple"},"_links":{"self":[{"href":"https:\/\/trotajueves.es\/libreria\/wp-json\/wp\/v2\/product\/3973","targetHints":{"allow":["GET"]}}],"collection":[{"href":"https:\/\/trotajueves.es\/libreria\/wp-json\/wp\/v2\/product"}],"about":[{"href":"https:\/\/trotajueves.es\/libreria\/wp-json\/wp\/v2\/types\/product"}],"wp:featuredmedia":[{"embeddable":true,"href":"https:\/\/trotajueves.es\/libreria\/wp-json\/wp\/v2\/media\/3974"}],"wp:attachment":[{"href":"https:\/\/trotajueves.es\/libreria\/wp-json\/wp\/v2\/media?parent=3973"}],"wp:term":[{"taxonomy":"product_brand","embeddable":true,"href":"https:\/\/trotajueves.es\/libreria\/wp-json\/wp\/v2\/product_brand?post=3973"},{"taxonomy":"product_cat","embeddable":true,"href":"https:\/\/trotajueves.es\/libreria\/wp-json\/wp\/v2\/product_cat?post=3973"},{"taxonomy":"product_tag","embeddable":true,"href":"https:\/\/trotajueves.es\/libreria\/wp-json\/wp\/v2\/product_tag?post=3973"}],"curies":[{"name":"wp","href":"https:\/\/api.w.org\/{rel}","templated":true}]}}