{"id":4466,"date":"2016-08-24T17:43:17","date_gmt":"2016-08-24T17:43:17","guid":{"rendered":"http:\/\/trotajueves.es\/libreria\/?product=mas-historias-de-antonita-la-fantastica"},"modified":"2016-08-24T17:44:43","modified_gmt":"2016-08-24T17:44:43","slug":"mas-historias-de-antonita-la-fantastica","status":"publish","type":"product","link":"https:\/\/trotajueves.es\/libreria\/producto\/mas-historias-de-antonita-la-fantastica\/","title":{"rendered":"M\u00e1s historias de Anto\u00f1ita la fant\u00e1stica"},"content":{"rendered":"<p>AUTOR:\u00a0\u00a0\u00a0\u00a0\u00a0\u00a0\u00a0\u00a0\u00a0\u00a0 Borita Casas<\/p>\n<p>ESTADO:\u00a0\u00a0\u00a0\u00a0\u00a0\u00a0\u00a0\u00a0 seminuevo<\/p>\n<p>I.S.B.N.:\u00a0\u00a0\u00a0\u00a0\u00a0 978-84-487-2323-1<\/p>\n<p>A\u00f1o:\u00a0\u00a0\u00a0\u00a0 2007<\/p>\n<p>Editorial:\u00a0\u00a0\u00a0\u00a0\u00a0\u00a0\u00a0\u00a0\u00a0 Edaf<\/p>\n<p>P\u00e1ginas:\u00a0\u00a0\u00a0\u00a0\u00a0\u00a0\u00a0\u00a0\u00a0 186<\/p>\n<p>Precio: 10 \u20ac<\/p>\n","protected":false},"excerpt":{"rendered":"<p>AUTOR:\u00a0\u00a0\u00a0\u00a0\u00a0\u00a0\u00a0\u00a0\u00a0\u00a0 Borita Casas ESTADO:\u00a0\u00a0\u00a0\u00a0\u00a0\u00a0\u00a0\u00a0 seminuevo I.S.B.N.:\u00a0\u00a0\u00a0\u00a0\u00a0 978-84-487-2323-1 A\u00f1o:\u00a0\u00a0\u00a0\u00a0 2007 Editorial:\u00a0\u00a0\u00a0\u00a0\u00a0\u00a0\u00a0\u00a0\u00a0 Edaf P\u00e1ginas:\u00a0\u00a0\u00a0\u00a0\u00a0\u00a0\u00a0\u00a0\u00a0 186 Precio: 10 \u20ac<\/p>\n","protected":false},"featured_media":4467,"template":"","meta":{"_joinchat":[]},"product_brand":[],"product_cat":[156,79,250],"product_tag":[264,262,106,219,95,63,92],"class_list":{"0":"post-4466","1":"product","2":"type-product","3":"status-publish","4":"has-post-thumbnail","6":"product_cat-infantil-juvenil","7":"product_cat-otros","8":"product_cat-tradicicuento","9":"product_tag-antiguo","10":"product_tag-cuento","11":"product_tag-espana","12":"product_tag-facsimil","13":"product_tag-ilustracion","14":"product_tag-infantil","15":"product_tag-juvenil","16":"pa_estado-seminuevo","18":"first","19":"instock","20":"shipping-taxable","21":"purchasable","22":"product-type-simple"},"_links":{"self":[{"href":"https:\/\/trotajueves.es\/libreria\/wp-json\/wp\/v2\/product\/4466","targetHints":{"allow":["GET"]}}],"collection":[{"href":"https:\/\/trotajueves.es\/libreria\/wp-json\/wp\/v2\/product"}],"about":[{"href":"https:\/\/trotajueves.es\/libreria\/wp-json\/wp\/v2\/types\/product"}],"wp:featuredmedia":[{"embeddable":true,"href":"https:\/\/trotajueves.es\/libreria\/wp-json\/wp\/v2\/media\/4467"}],"wp:attachment":[{"href":"https:\/\/trotajueves.es\/libreria\/wp-json\/wp\/v2\/media?parent=4466"}],"wp:term":[{"taxonomy":"product_brand","embeddable":true,"href":"https:\/\/trotajueves.es\/libreria\/wp-json\/wp\/v2\/product_brand?post=4466"},{"taxonomy":"product_cat","embeddable":true,"href":"https:\/\/trotajueves.es\/libreria\/wp-json\/wp\/v2\/product_cat?post=4466"},{"taxonomy":"product_tag","embeddable":true,"href":"https:\/\/trotajueves.es\/libreria\/wp-json\/wp\/v2\/product_tag?post=4466"}],"curies":[{"name":"wp","href":"https:\/\/api.w.org\/{rel}","templated":true}]}}