{"id":4537,"date":"2016-08-26T09:55:56","date_gmt":"2016-08-26T09:55:56","guid":{"rendered":"http:\/\/trotajueves.es\/libreria\/?product=musica-de-sombras"},"modified":"2016-08-26T10:00:06","modified_gmt":"2016-08-26T10:00:06","slug":"musica-de-sombras","status":"publish","type":"product","link":"https:\/\/trotajueves.es\/libreria\/producto\/musica-de-sombras\/","title":{"rendered":"M\u00fasica de sombras"},"content":{"rendered":"<p>AUTOR:\u00a0\u00a0\u00a0\u00a0\u00a0\u00a0\u00a0\u00a0\u00a0\u00a0\u00a0 Romero\/Manolo<\/p>\n<p>ESTADO:\u00a0\u00a0\u00a0\u00a0\u00a0\u00a0\u00a0\u00a0 Usado<\/p>\n<p>I.S.B.N.:<\/p>\n<p>A\u00f1o:\u00a0\u00a0\u00a0\u00a0 2006<\/p>\n<p>Editorial:\u00a0\u00a0\u00a0\u00a0\u00a0\u00a0\u00a0\u00a0\u00a0 fundaci\u00f3n Jos\u00e9 del hierro<\/p>\n<p>P\u00e1ginas:\u00a0\u00a0\u00a0\u00a0\u00a0\u00a0\u00a0\u00a0\u00a0\u00a0 142<\/p>\n<p>Precio:\u00a04 \u20ac<\/p>\n","protected":false},"excerpt":{"rendered":"<p>AUTOR:\u00a0\u00a0\u00a0\u00a0\u00a0\u00a0\u00a0\u00a0\u00a0\u00a0\u00a0 Romero\/Manolo ESTADO:\u00a0\u00a0\u00a0\u00a0\u00a0\u00a0\u00a0\u00a0 Usado I.S.B.N.: A\u00f1o:\u00a0\u00a0\u00a0\u00a0 2006 Editorial:\u00a0\u00a0\u00a0\u00a0\u00a0\u00a0\u00a0\u00a0\u00a0 fundaci\u00f3n Jos\u00e9 del hierro P\u00e1ginas:\u00a0\u00a0\u00a0\u00a0\u00a0\u00a0\u00a0\u00a0\u00a0\u00a0 142 Precio:\u00a04 \u20ac<\/p>\n","protected":false},"featured_media":4538,"template":"","meta":{"_joinchat":[]},"product_brand":[],"product_cat":[35,40],"product_tag":[106,82,71],"class_list":{"0":"post-4537","1":"product","2":"type-product","3":"status-publish","4":"has-post-thumbnail","6":"product_cat-nuevapoesia","7":"product_cat-poesia","8":"product_tag-espana","9":"product_tag-nuevos-autores","10":"product_tag-poesia-2","11":"pa_estado-usado","13":"first","14":"instock","15":"shipping-taxable","16":"purchasable","17":"product-type-simple"},"_links":{"self":[{"href":"https:\/\/trotajueves.es\/libreria\/wp-json\/wp\/v2\/product\/4537","targetHints":{"allow":["GET"]}}],"collection":[{"href":"https:\/\/trotajueves.es\/libreria\/wp-json\/wp\/v2\/product"}],"about":[{"href":"https:\/\/trotajueves.es\/libreria\/wp-json\/wp\/v2\/types\/product"}],"wp:featuredmedia":[{"embeddable":true,"href":"https:\/\/trotajueves.es\/libreria\/wp-json\/wp\/v2\/media\/4538"}],"wp:attachment":[{"href":"https:\/\/trotajueves.es\/libreria\/wp-json\/wp\/v2\/media?parent=4537"}],"wp:term":[{"taxonomy":"product_brand","embeddable":true,"href":"https:\/\/trotajueves.es\/libreria\/wp-json\/wp\/v2\/product_brand?post=4537"},{"taxonomy":"product_cat","embeddable":true,"href":"https:\/\/trotajueves.es\/libreria\/wp-json\/wp\/v2\/product_cat?post=4537"},{"taxonomy":"product_tag","embeddable":true,"href":"https:\/\/trotajueves.es\/libreria\/wp-json\/wp\/v2\/product_tag?post=4537"}],"curies":[{"name":"wp","href":"https:\/\/api.w.org\/{rel}","templated":true}]}}