{"id":4852,"date":"2017-02-24T20:40:44","date_gmt":"2017-02-24T20:40:44","guid":{"rendered":"http:\/\/trotajueves.es\/libreria\/?product=mis-viajes-por-los-paises-a-los-que-no-he-ido-nunca"},"modified":"2017-02-24T20:45:16","modified_gmt":"2017-02-24T20:45:16","slug":"mis-viajes-por-los-paises-a-los-que-no-he-ido-nunca","status":"publish","type":"product","link":"https:\/\/trotajueves.es\/libreria\/producto\/mis-viajes-por-los-paises-a-los-que-no-he-ido-nunca\/","title":{"rendered":"Mis viajes por los pa\u00edses a los que no he ido nunca"},"content":{"rendered":"<p>AUTOR: \u00a0 \u00a0 \u00a0 \u00a0 \u00a0\u00a0 Enrique Jardiel Poncela<\/p>\n<p>ESTADO: \u00a0\u00a0\u00a0\u00a0\u00a0\u00a0\u00a0nuevo<\/p>\n<p>I.S.B.N.: \u00a0 \u00a0 \u00a0 \u00a0\u00a0 978-84-16953929<\/p>\n<p>A\u00f1o:\u00a0\u00a0\u00a0\u00a0 2016<\/p>\n<p>Editorial:\u00a0\u00a0\u00a0\u00a0\u00a0\u00a0\u00a0\u00a0\u00a0\u00a0 Ediciones Samarcanda<\/p>\n<p>P\u00e1ginas: \u00a0 \u00a0\u00a0 187<\/p>\n<p>Precio: \u00a0 16 \u20ac<\/p>\n","protected":false},"excerpt":{"rendered":"<p>El autor de esta recopilaci\u00f3n de cuentos y art\u00edculos era una enamorado de los viajes y de su literatura. Por eso no es de extra\u00f1ar que dedicara un gran n\u00famero de cuentos y art\u00edculos a este tema. En esta simp\u00e1tica antolog\u00eda se presentan unos escritos desconocidos para el lector actual que Jardiel Poncela public\u00f3 en diversos peri\u00f3dicos y revistas durante los a\u00f1os veinte<\/p>\n","protected":false},"featured_media":4853,"template":"","meta":{"_joinchat":[]},"product_brand":[],"product_cat":[249,206,31,34],"product_tag":[51,106,257,73,93],"class_list":{"0":"post-4852","1":"product","2":"type-product","3":"status-publish","4":"has-post-thumbnail","6":"product_cat-cuento-chico","7":"product_cat-europa","8":"product_cat-relato","9":"product_cat-viaje","10":"product_tag-clasico","11":"product_tag-espana","12":"product_tag-nuevo","13":"product_tag-relato-2","14":"product_tag-viaje-2","15":"pa_estado-nuevo","17":"first","18":"instock","19":"featured","20":"shipping-taxable","21":"purchasable","22":"product-type-simple"},"_links":{"self":[{"href":"https:\/\/trotajueves.es\/libreria\/wp-json\/wp\/v2\/product\/4852","targetHints":{"allow":["GET"]}}],"collection":[{"href":"https:\/\/trotajueves.es\/libreria\/wp-json\/wp\/v2\/product"}],"about":[{"href":"https:\/\/trotajueves.es\/libreria\/wp-json\/wp\/v2\/types\/product"}],"wp:featuredmedia":[{"embeddable":true,"href":"https:\/\/trotajueves.es\/libreria\/wp-json\/wp\/v2\/media\/4853"}],"wp:attachment":[{"href":"https:\/\/trotajueves.es\/libreria\/wp-json\/wp\/v2\/media?parent=4852"}],"wp:term":[{"taxonomy":"product_brand","embeddable":true,"href":"https:\/\/trotajueves.es\/libreria\/wp-json\/wp\/v2\/product_brand?post=4852"},{"taxonomy":"product_cat","embeddable":true,"href":"https:\/\/trotajueves.es\/libreria\/wp-json\/wp\/v2\/product_cat?post=4852"},{"taxonomy":"product_tag","embeddable":true,"href":"https:\/\/trotajueves.es\/libreria\/wp-json\/wp\/v2\/product_tag?post=4852"}],"curies":[{"name":"wp","href":"https:\/\/api.w.org\/{rel}","templated":true}]}}