{"id":5000,"date":"2017-05-19T18:08:31","date_gmt":"2017-05-19T18:08:31","guid":{"rendered":"http:\/\/trotajueves.es\/libreria\/?product=el-oro-del-rey"},"modified":"2017-05-19T18:13:35","modified_gmt":"2017-05-19T18:13:35","slug":"el-oro-del-rey","status":"publish","type":"product","link":"https:\/\/trotajueves.es\/libreria\/producto\/el-oro-del-rey\/","title":{"rendered":"El oro del rey"},"content":{"rendered":"<p>AUTOR:\u00a0\u00a0\u00a0 Perez-Reverte\/ Arturo<\/p>\n<p>ESTADO:\u00a0\u00a0\u00a0\u00a0\u00a0\u00a0\u00a0\u00a0 usado<\/p>\n<p>I.S.B.N.:\u00a0\u00a0\u00a0\u00a0\u00a0\u00a0\u00a0\u00a0\u00a0\u00a0 84-204-4240-2<\/p>\n<p>A\u00f1o:\u00a0\u00a0\u00a0\u00a0 2000<\/p>\n<p>Editorial:\u00a0\u00a0\u00a0\u00a0 Alfaguara<\/p>\n<p>P\u00e1ginas:\u00a0\u00a0\u00a0\u00a0\u00a0\u00a0\u00a0\u00a0\u00a0 267<\/p>\n<p>Precio: 3 \u20ac<\/p>\n","protected":false},"excerpt":{"rendered":"<p>En los papeles carmes\u00edes que emple\u00f3 la Canciller\u00eda de la Alhambra, Boabdil,el \u00faltimo sult\u00e1n, da testimonio de su vida a la vez q la goza o la sufre.<\/p>\n","protected":false},"featured_media":5001,"template":"","meta":{"_joinchat":[]},"product_brand":[],"product_cat":[30,32],"product_tag":[106,60,68,223],"class_list":{"0":"post-5000","1":"product","2":"type-product","3":"status-publish","4":"has-post-thumbnail","6":"product_cat-novela","7":"product_cat-novelaespanola","8":"product_tag-espana","9":"product_tag-historica","10":"product_tag-novela-2","11":"product_tag-novela-espanola","12":"pa_estado-usado","14":"first","15":"instock","16":"shipping-taxable","17":"purchasable","18":"product-type-simple"},"_links":{"self":[{"href":"https:\/\/trotajueves.es\/libreria\/wp-json\/wp\/v2\/product\/5000","targetHints":{"allow":["GET"]}}],"collection":[{"href":"https:\/\/trotajueves.es\/libreria\/wp-json\/wp\/v2\/product"}],"about":[{"href":"https:\/\/trotajueves.es\/libreria\/wp-json\/wp\/v2\/types\/product"}],"wp:featuredmedia":[{"embeddable":true,"href":"https:\/\/trotajueves.es\/libreria\/wp-json\/wp\/v2\/media\/5001"}],"wp:attachment":[{"href":"https:\/\/trotajueves.es\/libreria\/wp-json\/wp\/v2\/media?parent=5000"}],"wp:term":[{"taxonomy":"product_brand","embeddable":true,"href":"https:\/\/trotajueves.es\/libreria\/wp-json\/wp\/v2\/product_brand?post=5000"},{"taxonomy":"product_cat","embeddable":true,"href":"https:\/\/trotajueves.es\/libreria\/wp-json\/wp\/v2\/product_cat?post=5000"},{"taxonomy":"product_tag","embeddable":true,"href":"https:\/\/trotajueves.es\/libreria\/wp-json\/wp\/v2\/product_tag?post=5000"}],"curies":[{"name":"wp","href":"https:\/\/api.w.org\/{rel}","templated":true}]}}