{"id":5497,"date":"2017-11-24T20:34:16","date_gmt":"2017-11-24T20:34:16","guid":{"rendered":"http:\/\/trotajueves.es\/libreria\/?post_type=product&#038;p=5497"},"modified":"2017-11-24T20:37:54","modified_gmt":"2017-11-24T20:37:54","slug":"palabras-de-la-tierra-cita-de-la-poesia-2012-berlin-latinoamerica-espana","status":"publish","type":"product","link":"https:\/\/trotajueves.es\/libreria\/producto\/palabras-de-la-tierra-cita-de-la-poesia-2012-berlin-latinoamerica-espana\/","title":{"rendered":"Palabras de la tierra.Cita de la Poes\u00eda 2012 Berlin, Latinoam\u00e9rica, Espa\u00f1a"},"content":{"rendered":"<p>AUTOR: VVAA<br \/>\nESTADO: usado<br \/>\nI.S.B.N.: 978-84-936763-9-1<br \/>\nA\u00f1o: 2013<br \/>\nEditorial: melo-poe-fant<br \/>\nP\u00e1ginas: 171<br \/>\nPrecio: 4<\/p>\n","protected":false},"excerpt":{"rendered":"<p>AUTOR: VVAA ESTADO: usado I.S.B.N.: 978-84-936763-9-1 A\u00f1o: 2013 Editorial: melo-poe-fant P\u00e1ginas: 171 Precio: 4<\/p>\n","protected":false},"featured_media":5499,"template":"","meta":{"_joinchat":[]},"product_brand":[],"product_cat":[35,36],"product_tag":[91,82,71],"class_list":{"0":"post-5497","1":"product","2":"type-product","3":"status-publish","4":"has-post-thumbnail","6":"product_cat-nuevapoesia","7":"product_cat-nuevoautor","8":"product_tag-latinoamerica","9":"product_tag-nuevos-autores","10":"product_tag-poesia-2","11":"pa_estado-usado","13":"first","14":"instock","15":"shipping-taxable","16":"purchasable","17":"product-type-simple"},"_links":{"self":[{"href":"https:\/\/trotajueves.es\/libreria\/wp-json\/wp\/v2\/product\/5497","targetHints":{"allow":["GET"]}}],"collection":[{"href":"https:\/\/trotajueves.es\/libreria\/wp-json\/wp\/v2\/product"}],"about":[{"href":"https:\/\/trotajueves.es\/libreria\/wp-json\/wp\/v2\/types\/product"}],"wp:featuredmedia":[{"embeddable":true,"href":"https:\/\/trotajueves.es\/libreria\/wp-json\/wp\/v2\/media\/5499"}],"wp:attachment":[{"href":"https:\/\/trotajueves.es\/libreria\/wp-json\/wp\/v2\/media?parent=5497"}],"wp:term":[{"taxonomy":"product_brand","embeddable":true,"href":"https:\/\/trotajueves.es\/libreria\/wp-json\/wp\/v2\/product_brand?post=5497"},{"taxonomy":"product_cat","embeddable":true,"href":"https:\/\/trotajueves.es\/libreria\/wp-json\/wp\/v2\/product_cat?post=5497"},{"taxonomy":"product_tag","embeddable":true,"href":"https:\/\/trotajueves.es\/libreria\/wp-json\/wp\/v2\/product_tag?post=5497"}],"curies":[{"name":"wp","href":"https:\/\/api.w.org\/{rel}","templated":true}]}}