{"id":5592,"date":"2020-05-20T15:43:12","date_gmt":"2020-05-20T15:43:12","guid":{"rendered":"http:\/\/trotajueves.es\/libreria\/?post_type=product&#038;p=5592"},"modified":"2020-05-21T11:17:43","modified_gmt":"2020-05-21T11:17:43","slug":"rendez-blues-al-borde-del-realismo-sucio","status":"publish","type":"product","link":"https:\/\/trotajueves.es\/libreria\/producto\/rendez-blues-al-borde-del-realismo-sucio\/","title":{"rendered":"RENDEZ-BLUES al borde del realismo sucio"},"content":{"rendered":"<p>AUTOR: \u00a0 \u00a0 \u00a0 \u00a0 \u00a0 <span class=\"st\">Carlos Bueno-Le\u00f3n<\/span><\/p>\n<p>ESTADO: \u00a0\u00a0\u00a0\u00a0\u00a0\u00a0\u00a0nuevo<\/p>\n<p>I.S.B.N.: \u00a0 \u00a0 \u00a0 \u00a0\u00a0 978-84-09-00882-7<\/p>\n<p>A\u00f1o:\u00a0\u00a0\u00a0\u00a0 2018<\/p>\n<p>Editorial:\u00a0\u00a0\u00a0\u00a0\u00a0\u00a0\u00a0\u00a0\u00a0\u00a0 big boys book<\/p>\n<p>P\u00e1ginas:\u00a0 153<\/p>\n<p>Precio: \u00a0 15 \u20ac<\/p>\n","protected":false},"excerpt":{"rendered":"<div data-canvas-width=\"449.29018203320805\">Si te van el humor, el riesgo, la iron\u00eda o la fantas\u00eda, si disfrutas de la introspecci\u00f3n en<\/div>\n<div data-canvas-width=\"458.61340756220625\">soledad y te sabes alguien optimista, disfrutar\u00e1s sin duda de esta colecci\u00f3n de relatos.<\/div>\n<div data-canvas-width=\"185.18635792472736\">Entra sin miedo, si\u00e9ntate y disfruta.<\/div>\n","protected":false},"featured_media":5593,"template":"","meta":{"_joinchat":[]},"product_brand":[],"product_cat":[37,36,31],"product_tag":[106,257,82,73],"class_list":{"0":"post-5592","1":"product","2":"type-product","3":"status-publish","4":"has-post-thumbnail","6":"product_cat-nuevorelato","7":"product_cat-nuevoautor","8":"product_cat-relato","9":"product_tag-espana","10":"product_tag-nuevo","11":"product_tag-nuevos-autores","12":"product_tag-relato-2","13":"pa_estado-nuevo","15":"first","16":"instock","17":"shipping-taxable","18":"purchasable","19":"product-type-simple"},"_links":{"self":[{"href":"https:\/\/trotajueves.es\/libreria\/wp-json\/wp\/v2\/product\/5592","targetHints":{"allow":["GET"]}}],"collection":[{"href":"https:\/\/trotajueves.es\/libreria\/wp-json\/wp\/v2\/product"}],"about":[{"href":"https:\/\/trotajueves.es\/libreria\/wp-json\/wp\/v2\/types\/product"}],"wp:featuredmedia":[{"embeddable":true,"href":"https:\/\/trotajueves.es\/libreria\/wp-json\/wp\/v2\/media\/5593"}],"wp:attachment":[{"href":"https:\/\/trotajueves.es\/libreria\/wp-json\/wp\/v2\/media?parent=5592"}],"wp:term":[{"taxonomy":"product_brand","embeddable":true,"href":"https:\/\/trotajueves.es\/libreria\/wp-json\/wp\/v2\/product_brand?post=5592"},{"taxonomy":"product_cat","embeddable":true,"href":"https:\/\/trotajueves.es\/libreria\/wp-json\/wp\/v2\/product_cat?post=5592"},{"taxonomy":"product_tag","embeddable":true,"href":"https:\/\/trotajueves.es\/libreria\/wp-json\/wp\/v2\/product_tag?post=5592"}],"curies":[{"name":"wp","href":"https:\/\/api.w.org\/{rel}","templated":true}]}}