{"id":5858,"date":"2020-05-21T10:31:33","date_gmt":"2020-05-21T10:31:33","guid":{"rendered":"http:\/\/trotajueves.es\/libreria\/?post_type=product&#038;p=5858"},"modified":"2020-05-21T11:24:55","modified_gmt":"2020-05-21T11:24:55","slug":"contarlo-para-no-olvidar","status":"publish","type":"product","link":"https:\/\/trotajueves.es\/libreria\/producto\/contarlo-para-no-olvidar\/","title":{"rendered":"Contarlo para no olvidar"},"content":{"rendered":"<p>AUTOR:\u00a0\u00a0\u00a0\u00a0\u00a0\u00a0\u00a0\u00a0\u00a0\u00a0 <span class=\"book-header-2-subtitle-author\">M\u00d3NICA TORRES, MARUJA GARC\u00cdA PRIETO<\/span><\/p>\n<p>ESTADO:\u00a0\u00a0\u00a0\u00a0\u00a0\u00a0\u00a0\u00a0 nuevo<\/p>\n<p>I.S.B.N.:\u00a0\u00a0\u00a0\u00a0\u00a0\u00a0\u00a0\u00a0\u00a0\u00a0 9788469750919<\/p>\n<p>A\u00f1o:\u00a0\u00a0\u00a0\u00a0 2017<\/p>\n<p>Editorial:\u00a0\u00a0\u00a0\u00a0\u00a0\u00a0\u00a0\u00a0 COLECTIVO 5W<\/p>\n<p>P\u00e1ginas:\u00a0\u00a0\u00a0\u00a0\u00a0\u00a0\u00a0\u00a0\u00a0\u00a0 146<\/p>\n<p>Precio:\u00a0\u00a012 \u20ac<\/p>\n","protected":false},"excerpt":{"rendered":"<p>El instinto de la escritura. La responsabilidad de la prensa. Una mirada hist\u00f3rica al mundo \u00e1rabe. Feminismo y periodismo para contar el mundo. En este di\u00e1logo de larga distancia, Maruja Torres (Barcelona, 1943) y M\u00f3nica G. Prieto (Badajoz, 1974) recuerdan sus cr\u00f3nicas \u2014sobre cine o sobre Chechenia\u2014 y discuten sobre la transformaci\u00f3n social y la banalidad. La obra incluye ilustraciones de Cinta Fosch.<\/p>\n","protected":false},"featured_media":5859,"template":"","meta":{"_joinchat":[]},"product_brand":[],"product_cat":[42,36,39,34,203],"product_tag":[224,368,59,234,119,70,93],"class_list":{"0":"post-5858","1":"product","2":"type-product","3":"status-publish","4":"has-post-thumbnail","6":"product_cat-ensayo","7":"product_cat-nuevoautor","8":"product_cat-nuevosotros","9":"product_cat-viaje","10":"product_cat-viaje-en-la-historia","11":"product_tag-ensayo","12":"product_tag-guerra","13":"product_tag-historia","14":"product_tag-humanidades","15":"product_tag-mundo","16":"product_tag-periodismo","17":"product_tag-viaje-2","18":"pa_estado-nuevo","20":"first","21":"instock","22":"shipping-taxable","23":"purchasable","24":"product-type-simple"},"_links":{"self":[{"href":"https:\/\/trotajueves.es\/libreria\/wp-json\/wp\/v2\/product\/5858","targetHints":{"allow":["GET"]}}],"collection":[{"href":"https:\/\/trotajueves.es\/libreria\/wp-json\/wp\/v2\/product"}],"about":[{"href":"https:\/\/trotajueves.es\/libreria\/wp-json\/wp\/v2\/types\/product"}],"wp:featuredmedia":[{"embeddable":true,"href":"https:\/\/trotajueves.es\/libreria\/wp-json\/wp\/v2\/media\/5859"}],"wp:attachment":[{"href":"https:\/\/trotajueves.es\/libreria\/wp-json\/wp\/v2\/media?parent=5858"}],"wp:term":[{"taxonomy":"product_brand","embeddable":true,"href":"https:\/\/trotajueves.es\/libreria\/wp-json\/wp\/v2\/product_brand?post=5858"},{"taxonomy":"product_cat","embeddable":true,"href":"https:\/\/trotajueves.es\/libreria\/wp-json\/wp\/v2\/product_cat?post=5858"},{"taxonomy":"product_tag","embeddable":true,"href":"https:\/\/trotajueves.es\/libreria\/wp-json\/wp\/v2\/product_tag?post=5858"}],"curies":[{"name":"wp","href":"https:\/\/api.w.org\/{rel}","templated":true}]}}