{"id":5892,"date":"2019-05-07T17:16:29","date_gmt":"2019-05-07T17:16:29","guid":{"rendered":"http:\/\/trotajueves.es\/libreria\/?post_type=product&#038;p=5892"},"modified":"2019-06-12T18:18:43","modified_gmt":"2019-06-12T18:18:43","slug":"de-gandesa-a-grossbeeren-de-defender-la-republica-a-los-campos-nazis","status":"publish","type":"product","link":"https:\/\/trotajueves.es\/libreria\/producto\/de-gandesa-a-grossbeeren-de-defender-la-republica-a-los-campos-nazis\/","title":{"rendered":"De Gandesa a Grossbeeren. De defender la Rep\u00fablica a los campos nazis"},"content":{"rendered":"<p>AUTOR:\u00a0\u00a0\u00a0\u00a0\u00a0\u00a0\u00a0\u00a0\u00a0\u00a0 Gemma Masip<\/p>\n<p>ESTADO:\u00a0\u00a0\u00a0\u00a0\u00a0\u00a0\u00a0\u00a0 nuevo<\/p>\n<p>I.S.B.N.:\u00a0\u00a0\u00a0\u00a0\u00a0\u00a0\u00a0\u00a0\u00a0\u00a0 9788417190057<\/p>\n<p>A\u00f1o:\u00a0\u00a0\u00a0\u00a0 2019<\/p>\n<p>Editorial:\u00a0\u00a0\u00a0\u00a0\u00a0\u00a0\u00a0\u00a0 DESCONTROL<\/p>\n<p>P\u00e1ginas:\u00a0\u00a0\u00a0\u00a0\u00a0\u00a0\u00a0\u00a0\u00a0\u00a0 224<\/p>\n<p>Precio: 19 \u20ac<\/p>\n","protected":false},"excerpt":{"rendered":"<p>De Gandesa a Grosbeeren es la historia de Manuel, un chico idealista y de esp\u00edritu inquieto, que vivi\u00f3 en primera persona los acontecimientos europeos m\u00e1s cruciales del siglo XX. Hijo de una familia obrera del barrio barcelon\u00e9s de Sants, se encontr\u00f3 inmerso en el conflicto pol\u00edtico que desembocar\u00eda en la sangrienta guerra civil<\/p>\n","protected":false},"featured_media":5893,"template":"","meta":{"_joinchat":[]},"product_brand":[],"product_cat":[42,43,36,39],"product_tag":[224,106,347,59,234,257,69,70,72,366,93],"class_list":{"0":"post-5892","1":"product","2":"type-product","3":"status-publish","4":"has-post-thumbnail","6":"product_cat-ensayo","7":"product_cat-humanidades","8":"product_cat-nuevoautor","9":"product_cat-nuevosotros","10":"product_tag-ensayo","11":"product_tag-espana","12":"product_tag-franquismo","13":"product_tag-historia","14":"product_tag-humanidades","15":"product_tag-nuevo","16":"product_tag-pensamiento","17":"product_tag-periodismo","18":"product_tag-politica","19":"product_tag-terrorismo","20":"product_tag-viaje-2","21":"pa_estado-nuevo","23":"first","24":"instock","25":"featured","26":"shipping-taxable","27":"purchasable","28":"product-type-simple"},"_links":{"self":[{"href":"https:\/\/trotajueves.es\/libreria\/wp-json\/wp\/v2\/product\/5892","targetHints":{"allow":["GET"]}}],"collection":[{"href":"https:\/\/trotajueves.es\/libreria\/wp-json\/wp\/v2\/product"}],"about":[{"href":"https:\/\/trotajueves.es\/libreria\/wp-json\/wp\/v2\/types\/product"}],"wp:featuredmedia":[{"embeddable":true,"href":"https:\/\/trotajueves.es\/libreria\/wp-json\/wp\/v2\/media\/5893"}],"wp:attachment":[{"href":"https:\/\/trotajueves.es\/libreria\/wp-json\/wp\/v2\/media?parent=5892"}],"wp:term":[{"taxonomy":"product_brand","embeddable":true,"href":"https:\/\/trotajueves.es\/libreria\/wp-json\/wp\/v2\/product_brand?post=5892"},{"taxonomy":"product_cat","embeddable":true,"href":"https:\/\/trotajueves.es\/libreria\/wp-json\/wp\/v2\/product_cat?post=5892"},{"taxonomy":"product_tag","embeddable":true,"href":"https:\/\/trotajueves.es\/libreria\/wp-json\/wp\/v2\/product_tag?post=5892"}],"curies":[{"name":"wp","href":"https:\/\/api.w.org\/{rel}","templated":true}]}}