{"id":597,"date":"2014-08-08T14:45:16","date_gmt":"2014-08-08T14:45:16","guid":{"rendered":"http:\/\/trotajueves.es\/libreria\/?post_type=product&#038;p=597"},"modified":"2025-03-05T14:32:24","modified_gmt":"2025-03-05T13:32:24","slug":"por-que-no-te-callas","status":"publish","type":"product","link":"https:\/\/trotajueves.es\/libreria\/producto\/por-que-no-te-callas\/","title":{"rendered":"!!Por qu\u00e9 no te callas!!"},"content":{"rendered":"<p>AUTOR:\tMoriche Hermoso\/ Pedro Jes\u00fas<br \/>\nESTADO:\tNuevo<br \/>\nI.S.B.N.:\t978-84-615-3464-7<br \/>\nA\u00f1o:\t2011<br \/>\nEditorial:\tARTEse quien pueda<br \/>\nP\u00e1ginas:\t58<br \/>\nPrecio:\t5<\/p>\n","protected":false},"excerpt":{"rendered":"<p>AUTOR: Moriche Hermoso\/ Pedro Jes\u00fas ESTADO: Nuevo I.S.B.N.: 978-84-615-3464-7 A\u00f1o: 2011 Editorial: ARTEse quien pueda P\u00e1ginas: 58 Precio: 5<\/p>\n","protected":false},"featured_media":598,"template":"","meta":{"_joinchat":[]},"product_brand":[],"product_cat":[35,36],"product_tag":[257,82,71],"class_list":{"0":"post-597","1":"product","2":"type-product","3":"status-publish","4":"has-post-thumbnail","6":"product_cat-nuevapoesia","7":"product_cat-nuevoautor","8":"product_tag-nuevo","9":"product_tag-nuevos-autores","10":"product_tag-poesia-2","11":"pa_estado-nuevo","13":"first","14":"instock","15":"shipping-taxable","16":"purchasable","17":"product-type-simple"},"_links":{"self":[{"href":"https:\/\/trotajueves.es\/libreria\/wp-json\/wp\/v2\/product\/597","targetHints":{"allow":["GET"]}}],"collection":[{"href":"https:\/\/trotajueves.es\/libreria\/wp-json\/wp\/v2\/product"}],"about":[{"href":"https:\/\/trotajueves.es\/libreria\/wp-json\/wp\/v2\/types\/product"}],"wp:featuredmedia":[{"embeddable":true,"href":"https:\/\/trotajueves.es\/libreria\/wp-json\/wp\/v2\/media\/598"}],"wp:attachment":[{"href":"https:\/\/trotajueves.es\/libreria\/wp-json\/wp\/v2\/media?parent=597"}],"wp:term":[{"taxonomy":"product_brand","embeddable":true,"href":"https:\/\/trotajueves.es\/libreria\/wp-json\/wp\/v2\/product_brand?post=597"},{"taxonomy":"product_cat","embeddable":true,"href":"https:\/\/trotajueves.es\/libreria\/wp-json\/wp\/v2\/product_cat?post=597"},{"taxonomy":"product_tag","embeddable":true,"href":"https:\/\/trotajueves.es\/libreria\/wp-json\/wp\/v2\/product_tag?post=597"}],"curies":[{"name":"wp","href":"https:\/\/api.w.org\/{rel}","templated":true}]}}