{"id":6052,"date":"2019-06-14T18:04:01","date_gmt":"2019-06-14T18:04:01","guid":{"rendered":"http:\/\/trotajueves.es\/libreria\/?post_type=product&#038;p=6052"},"modified":"2019-06-14T18:10:27","modified_gmt":"2019-06-14T18:10:27","slug":"fracturaciones","status":"publish","type":"product","link":"https:\/\/trotajueves.es\/libreria\/producto\/fracturaciones\/","title":{"rendered":"Fracturaciones"},"content":{"rendered":"<p>AUTOR:\u00a0\u00a0\u00a0\u00a0\u00a0\u00a0\u00a0\u00a0\u00a0\u00a0\u00a0 Barber\u00e1 Dur\u00f3n,\u00a0 Juan Sebasti\u00e1n<\/p>\n<p>ESTADO:\u00a0\u00a0\u00a0\u00a0\u00a0\u00a0\u00a0\u00a0 Usado<\/p>\n<p>I.S.B.N.:<\/p>\n<p>A\u00f1o:\u00a0\u00a0\u00a0\u00a0 2011<\/p>\n<p>Editorial:\u00a0\u00a0\u00a0\u00a0\u00a0\u00a0\u00a0\u00a0\u00a0\u00a0\u00a0 fundaci\u00f3n telef\u00f3nica<\/p>\n<p>P\u00e1ginas:\u00a0\u00a0\u00a0\u00a0\u00a0\u00a0\u00a0\u00a0\u00a0\u00a0 79<\/p>\n<p>Precio:\u00a0 8 \u20ac<\/p>\n","protected":false},"excerpt":{"rendered":"<p>AUTOR:\u00a0\u00a0\u00a0\u00a0\u00a0\u00a0\u00a0\u00a0\u00a0\u00a0\u00a0 Barber\u00e1 Dur\u00f3n,\u00a0 Juan Sebasti\u00e1n ESTADO:\u00a0\u00a0\u00a0\u00a0\u00a0\u00a0\u00a0\u00a0 Usado I.S.B.N.: A\u00f1o:\u00a0\u00a0\u00a0\u00a0 2011 Editorial:\u00a0\u00a0\u00a0\u00a0\u00a0\u00a0\u00a0\u00a0\u00a0\u00a0\u00a0 fundaci\u00f3n telef\u00f3nica P\u00e1ginas:\u00a0\u00a0\u00a0\u00a0\u00a0\u00a0\u00a0\u00a0\u00a0\u00a0 79 Precio:\u00a0 8 \u20ac<\/p>\n","protected":false},"featured_media":6053,"template":"","meta":{"_joinchat":[]},"product_brand":[],"product_cat":[41,79],"product_tag":[45,105],"class_list":{"0":"post-6052","1":"product","2":"type-product","3":"status-publish","4":"has-post-thumbnail","6":"product_cat-album","7":"product_cat-otros","8":"product_tag-arte","9":"product_tag-pintura","10":"pa_estado-usado","12":"first","13":"instock","14":"shipping-taxable","15":"purchasable","16":"product-type-simple"},"_links":{"self":[{"href":"https:\/\/trotajueves.es\/libreria\/wp-json\/wp\/v2\/product\/6052","targetHints":{"allow":["GET"]}}],"collection":[{"href":"https:\/\/trotajueves.es\/libreria\/wp-json\/wp\/v2\/product"}],"about":[{"href":"https:\/\/trotajueves.es\/libreria\/wp-json\/wp\/v2\/types\/product"}],"wp:featuredmedia":[{"embeddable":true,"href":"https:\/\/trotajueves.es\/libreria\/wp-json\/wp\/v2\/media\/6053"}],"wp:attachment":[{"href":"https:\/\/trotajueves.es\/libreria\/wp-json\/wp\/v2\/media?parent=6052"}],"wp:term":[{"taxonomy":"product_brand","embeddable":true,"href":"https:\/\/trotajueves.es\/libreria\/wp-json\/wp\/v2\/product_brand?post=6052"},{"taxonomy":"product_cat","embeddable":true,"href":"https:\/\/trotajueves.es\/libreria\/wp-json\/wp\/v2\/product_cat?post=6052"},{"taxonomy":"product_tag","embeddable":true,"href":"https:\/\/trotajueves.es\/libreria\/wp-json\/wp\/v2\/product_tag?post=6052"}],"curies":[{"name":"wp","href":"https:\/\/api.w.org\/{rel}","templated":true}]}}