{"id":6132,"date":"2019-06-28T17:17:28","date_gmt":"2019-06-28T17:17:28","guid":{"rendered":"http:\/\/trotajueves.es\/libreria\/?post_type=product&#038;p=6132"},"modified":"2019-06-28T17:23:17","modified_gmt":"2019-06-28T17:23:17","slug":"el-ano-que-murio-machin","status":"publish","type":"product","link":"https:\/\/trotajueves.es\/libreria\/producto\/el-ano-que-murio-machin\/","title":{"rendered":"El a\u00f1o que muri\u00f3 Mach\u00edn"},"content":{"rendered":"<p>AUTOR: \u00a0 \u00a0 \u00a0 \u00a0\u00a0 Lion-Depetre,\u00a0 \u00c1varo<\/p>\n<p>ESTADO: \u00a0\u00a0\u00a0\u00a0 seminuevo<\/p>\n<p>I.S.B.N.:\u00a0 \u00a0 \u00a0 \u00a0 \u00a0 8401381665<\/p>\n<p>A\u00f1o:\u00a0 \u00a0 2011<\/p>\n<p>Editorial: \u00a0 \u00a0 \u00a0 \u00a0\u00a0 Rey Lear<\/p>\n<p>P\u00e1ginas:\u00a0 \u00a0 \u00a0 133<\/p>\n<p>Precio:\u00a0\u00a0 8 \u20ac<\/p>\n","protected":false},"excerpt":{"rendered":"<p>AUTOR: \u00a0 \u00a0 \u00a0 \u00a0\u00a0 Lion-Depetre,\u00a0 \u00c1varo ESTADO: \u00a0\u00a0\u00a0\u00a0 seminuevo I.S.B.N.:\u00a0 \u00a0 \u00a0 \u00a0 \u00a0 8401381665 A\u00f1o:\u00a0 \u00a0 2011 Editorial: \u00a0 \u00a0 \u00a0 \u00a0\u00a0 Rey Lear P\u00e1ginas:\u00a0 \u00a0 \u00a0 133 Precio:\u00a0\u00a0 8 \u20ac<\/p>\n","protected":false},"featured_media":6133,"template":"","meta":{"_joinchat":[]},"product_brand":[],"product_cat":[30,23],"product_tag":[7,91,68],"class_list":{"0":"post-6132","1":"product","2":"type-product","3":"status-publish","4":"has-post-thumbnail","6":"product_cat-novela","7":"product_cat-novelaextranjera","8":"product_tag-contemporanea","9":"product_tag-latinoamerica","10":"product_tag-novela-2","11":"pa_estado-seminuevo","13":"first","14":"instock","15":"shipping-taxable","16":"purchasable","17":"product-type-simple"},"_links":{"self":[{"href":"https:\/\/trotajueves.es\/libreria\/wp-json\/wp\/v2\/product\/6132","targetHints":{"allow":["GET"]}}],"collection":[{"href":"https:\/\/trotajueves.es\/libreria\/wp-json\/wp\/v2\/product"}],"about":[{"href":"https:\/\/trotajueves.es\/libreria\/wp-json\/wp\/v2\/types\/product"}],"wp:featuredmedia":[{"embeddable":true,"href":"https:\/\/trotajueves.es\/libreria\/wp-json\/wp\/v2\/media\/6133"}],"wp:attachment":[{"href":"https:\/\/trotajueves.es\/libreria\/wp-json\/wp\/v2\/media?parent=6132"}],"wp:term":[{"taxonomy":"product_brand","embeddable":true,"href":"https:\/\/trotajueves.es\/libreria\/wp-json\/wp\/v2\/product_brand?post=6132"},{"taxonomy":"product_cat","embeddable":true,"href":"https:\/\/trotajueves.es\/libreria\/wp-json\/wp\/v2\/product_cat?post=6132"},{"taxonomy":"product_tag","embeddable":true,"href":"https:\/\/trotajueves.es\/libreria\/wp-json\/wp\/v2\/product_tag?post=6132"}],"curies":[{"name":"wp","href":"https:\/\/api.w.org\/{rel}","templated":true}]}}