{"id":6293,"date":"2019-07-24T18:17:11","date_gmt":"2019-07-24T18:17:11","guid":{"rendered":"http:\/\/trotajueves.es\/libreria\/?post_type=product&#038;p=6293"},"modified":"2019-07-24T18:19:07","modified_gmt":"2019-07-24T18:19:07","slug":"la-hoja-roja","status":"publish","type":"product","link":"https:\/\/trotajueves.es\/libreria\/producto\/la-hoja-roja\/","title":{"rendered":"La hoja roja"},"content":{"rendered":"<p>AUTOR:\u00a0 \u00a0 Delibes,\u00a0 Miguel<\/p>\n<p>ESTADO:\u00a0\u00a0\u00a0\u00a0\u00a0\u00a0\u00a0 usado<\/p>\n<p>I.S.B.N.:\u00a0 \u00a0 \u00a0 \u00a0 8470176854<\/p>\n<p>A\u00f1o:\u00a0 \u00a0 1981<\/p>\n<p>Editorial:\u00a0 Argos Vergara<\/p>\n<p>P\u00e1ginas:\u00a0 \u00a0 \u00a0 \u00a0\u00a0\u00a0 181<\/p>\n<p>Precio: 2 \u20ac<\/p>\n","protected":false},"excerpt":{"rendered":"<p>En los papeles carmes\u00edes que emple\u00f3 la Canciller\u00eda de la Alhambra, Boabdil,el \u00faltimo sult\u00e1n, da testimonio de su vida a la vez q la goza o la sufre.<\/p>\n","protected":false},"featured_media":6294,"template":"","meta":{"_joinchat":[]},"product_brand":[],"product_cat":[30,32],"product_tag":[7,68,223],"class_list":{"0":"post-6293","1":"product","2":"type-product","3":"status-publish","4":"has-post-thumbnail","6":"product_cat-novela","7":"product_cat-novelaespanola","8":"product_tag-contemporanea","9":"product_tag-novela-2","10":"product_tag-novela-espanola","11":"pa_estado-seminuevo","13":"first","14":"instock","15":"shipping-taxable","16":"purchasable","17":"product-type-simple"},"_links":{"self":[{"href":"https:\/\/trotajueves.es\/libreria\/wp-json\/wp\/v2\/product\/6293","targetHints":{"allow":["GET"]}}],"collection":[{"href":"https:\/\/trotajueves.es\/libreria\/wp-json\/wp\/v2\/product"}],"about":[{"href":"https:\/\/trotajueves.es\/libreria\/wp-json\/wp\/v2\/types\/product"}],"wp:featuredmedia":[{"embeddable":true,"href":"https:\/\/trotajueves.es\/libreria\/wp-json\/wp\/v2\/media\/6294"}],"wp:attachment":[{"href":"https:\/\/trotajueves.es\/libreria\/wp-json\/wp\/v2\/media?parent=6293"}],"wp:term":[{"taxonomy":"product_brand","embeddable":true,"href":"https:\/\/trotajueves.es\/libreria\/wp-json\/wp\/v2\/product_brand?post=6293"},{"taxonomy":"product_cat","embeddable":true,"href":"https:\/\/trotajueves.es\/libreria\/wp-json\/wp\/v2\/product_cat?post=6293"},{"taxonomy":"product_tag","embeddable":true,"href":"https:\/\/trotajueves.es\/libreria\/wp-json\/wp\/v2\/product_tag?post=6293"}],"curies":[{"name":"wp","href":"https:\/\/api.w.org\/{rel}","templated":true}]}}