{"id":6401,"date":"2019-07-25T19:31:41","date_gmt":"2019-07-25T19:31:41","guid":{"rendered":"http:\/\/trotajueves.es\/libreria\/?post_type=product&#038;p=6401"},"modified":"2019-07-25T19:33:14","modified_gmt":"2019-07-25T19:33:14","slug":"levi-strauss-o-el-nuevo-festin-de-esopo","status":"publish","type":"product","link":"https:\/\/trotajueves.es\/libreria\/producto\/levi-strauss-o-el-nuevo-festin-de-esopo\/","title":{"rendered":"Levi-Strauss o el nuevo fest\u00edn de Esopo"},"content":{"rendered":"<p>AUTOR: \u00a0 \u00a0 \u00a0 \u00a0 \u00a0\u00a0 Paz, Octavio<\/p>\n<p>ESTADO: \u00a0\u00a0\u00a0\u00a0\u00a0 usado<\/p>\n<p>I.S.B.N.: \u00a0 \u00a0 \u00a0 \u00a0\u00a0 842061338X<\/p>\n<p>A\u00f1o:\u00a0\u00a0\u00a0\u00a0 1993<\/p>\n<p>Editorial:\u00a0\u00a0\u00a0\u00a0\u00a0\u00a0\u00a0\u00a0\u00a0 seix barral<\/p>\n<p>P\u00e1ginas: \u00a0 \u00a0 \u00a0141<\/p>\n<p>Precio: \u00a0\u00a0 4\u00a0 \u20ac<\/p>\n","protected":false},"excerpt":{"rendered":"<p>El amerizaje forzoso de los Reyes Magos en la r\u00eda de Vigo, el suicidio de un profesor universitario en el P\u00f3rtico de la Gloria de la catedral compostelana, la perplejidad de un solter\u00f3n que descubre un d\u00eda que su casa huele insoportablemente \u201ca Galicia\u201d, la actuaci\u00f3n de unos monos de circo vestidos con la camiseta de f\u00fatbol del equipo rival&#8230; Los breves relatos que contiene este libro (cuarenta y cuatro en poco m\u00e1s de cien p\u00e1ginas) son como atestados policiales o cr\u00f3nicas period\u00edsticas de situaciones tan reales como la vida misma. En estilo directo, literariamente limp\u00edsimo, se narran peque\u00f1as historias crueles, absurdas o esperp\u00e9nticas que har\u00e1n que el lector, desde el asombro, pase directamente a la carcajada. Indudablemente, un libro peligroso.<\/p>\n","protected":false},"featured_media":6402,"template":"","meta":{"_joinchat":[]},"product_brand":[],"product_cat":[30,23],"product_tag":[7,91,68,226],"class_list":{"0":"post-6401","1":"product","2":"type-product","3":"status-publish","4":"has-post-thumbnail","6":"product_cat-novela","7":"product_cat-novelaextranjera","8":"product_tag-contemporanea","9":"product_tag-latinoamerica","10":"product_tag-novela-2","11":"product_tag-novela-extranjera","12":"pa_estado-seminuevo","14":"first","15":"instock","16":"shipping-taxable","17":"purchasable","18":"product-type-simple"},"_links":{"self":[{"href":"https:\/\/trotajueves.es\/libreria\/wp-json\/wp\/v2\/product\/6401","targetHints":{"allow":["GET"]}}],"collection":[{"href":"https:\/\/trotajueves.es\/libreria\/wp-json\/wp\/v2\/product"}],"about":[{"href":"https:\/\/trotajueves.es\/libreria\/wp-json\/wp\/v2\/types\/product"}],"wp:featuredmedia":[{"embeddable":true,"href":"https:\/\/trotajueves.es\/libreria\/wp-json\/wp\/v2\/media\/6402"}],"wp:attachment":[{"href":"https:\/\/trotajueves.es\/libreria\/wp-json\/wp\/v2\/media?parent=6401"}],"wp:term":[{"taxonomy":"product_brand","embeddable":true,"href":"https:\/\/trotajueves.es\/libreria\/wp-json\/wp\/v2\/product_brand?post=6401"},{"taxonomy":"product_cat","embeddable":true,"href":"https:\/\/trotajueves.es\/libreria\/wp-json\/wp\/v2\/product_cat?post=6401"},{"taxonomy":"product_tag","embeddable":true,"href":"https:\/\/trotajueves.es\/libreria\/wp-json\/wp\/v2\/product_tag?post=6401"}],"curies":[{"name":"wp","href":"https:\/\/api.w.org\/{rel}","templated":true}]}}