{"id":6467,"date":"2019-08-02T19:08:59","date_gmt":"2019-08-02T19:08:59","guid":{"rendered":"http:\/\/trotajueves.es\/libreria\/?post_type=product&#038;p=6467"},"modified":"2019-08-02T19:11:50","modified_gmt":"2019-08-02T19:11:50","slug":"espana-con-ninos-ocio-para-toda-la-familia","status":"publish","type":"product","link":"https:\/\/trotajueves.es\/libreria\/producto\/espana-con-ninos-ocio-para-toda-la-familia\/","title":{"rendered":"ESPA\u00d1A CON NI\u00d1OS. OCIO PARA TODA LA FAMILIA"},"content":{"rendered":"<p>AUTOR:\u00a0 \u00a0 \u00a0 \u00a0 \u00a0 VVAA<\/p>\n<p>ESTADO:\u00a0 \u00a0 \u00a0 usado<\/p>\n<p>I.S.B.N.:\u00a0 \u00a0 \u00a0 \u00a0 \u00a0 8496091449<\/p>\n<p>A\u00f1o:\u00a0\u00a0\u00a0\u00a0 2005<\/p>\n<p>Editorial:\u00a0 \u00a0 \u00a0 \u00a0 \u00a0 Bayard<\/p>\n<p>P\u00e1ginas:\u00a0 \u00a0 \u00a0 444<\/p>\n<p>Precio:\u00a0 \u00a03 \u20ac<\/p>\n","protected":false},"excerpt":{"rendered":"<p>En 1867, los peri\u00f3dicos de Norteam\u00e9rica se hacen eco del anuncio de la \u201cExcursi\u00f3n a Tierra Santa, Egipto, Crimea, Grecia y lugares de inter\u00e9s intermedios\u201d, para la que se proponen fletar un barco que partir\u00e1 del puerto de Nueva York. Se trata de uno de los primeros viajes organizados de la historia, del que forma parte el que luego ser\u00eda padre de Tom Sawyer y Huckleberry Finn, decidido a plasmar su opini\u00f3n en las cr\u00f3nicas que env\u00eda al diario Alta California.<\/p>\n","protected":false},"featured_media":6468,"template":"","meta":{"_joinchat":[]},"product_brand":[],"product_cat":[206,156,79,34],"product_tag":[390,58,63,92,93],"class_list":{"0":"post-6467","1":"product","2":"type-product","3":"status-publish","4":"has-post-thumbnail","6":"product_cat-europa","7":"product_cat-infantil-juvenil","8":"product_cat-otros","9":"product_cat-viaje","10":"product_tag-familia","11":"product_tag-guias","12":"product_tag-infantil","13":"product_tag-juvenil","14":"product_tag-viaje-2","15":"pa_estado-usado","17":"first","18":"instock","19":"shipping-taxable","20":"purchasable","21":"product-type-simple"},"_links":{"self":[{"href":"https:\/\/trotajueves.es\/libreria\/wp-json\/wp\/v2\/product\/6467","targetHints":{"allow":["GET"]}}],"collection":[{"href":"https:\/\/trotajueves.es\/libreria\/wp-json\/wp\/v2\/product"}],"about":[{"href":"https:\/\/trotajueves.es\/libreria\/wp-json\/wp\/v2\/types\/product"}],"wp:featuredmedia":[{"embeddable":true,"href":"https:\/\/trotajueves.es\/libreria\/wp-json\/wp\/v2\/media\/6468"}],"wp:attachment":[{"href":"https:\/\/trotajueves.es\/libreria\/wp-json\/wp\/v2\/media?parent=6467"}],"wp:term":[{"taxonomy":"product_brand","embeddable":true,"href":"https:\/\/trotajueves.es\/libreria\/wp-json\/wp\/v2\/product_brand?post=6467"},{"taxonomy":"product_cat","embeddable":true,"href":"https:\/\/trotajueves.es\/libreria\/wp-json\/wp\/v2\/product_cat?post=6467"},{"taxonomy":"product_tag","embeddable":true,"href":"https:\/\/trotajueves.es\/libreria\/wp-json\/wp\/v2\/product_tag?post=6467"}],"curies":[{"name":"wp","href":"https:\/\/api.w.org\/{rel}","templated":true}]}}