{"id":6621,"date":"2020-05-10T17:41:41","date_gmt":"2020-05-10T17:41:41","guid":{"rendered":"http:\/\/trotajueves.es\/libreria\/?post_type=product&#038;p=6621"},"modified":"2020-05-10T17:44:45","modified_gmt":"2020-05-10T17:44:45","slug":"el-miajon-de-los-castuos-rapsodias-extremenas","status":"publish","type":"product","link":"https:\/\/trotajueves.es\/libreria\/producto\/el-miajon-de-los-castuos-rapsodias-extremenas\/","title":{"rendered":"El miaj\u00f3n de los Cast\u00faos (rapsodias extreme\u00f1as)"},"content":{"rendered":"<p>AUTOR:\u00a0 Chamizo, Luis<\/p>\n<p>ESTADO:\u00a0\u00a0\u00a0\u00a0\u00a0\u00a0\u00a0\u00a0 Usado<\/p>\n<p>I.S.B.N.:<\/p>\n<p>A\u00f1o:\u00a0 \u00a0 1963<\/p>\n<p>Editorial:\u00a0 \u00a0 \u00a0 \u00a0\u00a0Austral<\/p>\n<p>P\u00e1ginas:\u00a0 \u00a0 \u00a0 \u00a0 \u00a0\u00a0158<\/p>\n<p>Precio:\u00a0 5\u00a0\u20ac<\/p>\n","protected":false},"excerpt":{"rendered":"<p>AUTOR:\u00a0 Chamizo, Luis ESTADO:\u00a0\u00a0\u00a0\u00a0\u00a0\u00a0\u00a0\u00a0 Usado I.S.B.N.: A\u00f1o:\u00a0 \u00a0 1963 Editorial:\u00a0 \u00a0 \u00a0 \u00a0\u00a0Austral P\u00e1ginas:\u00a0 \u00a0 \u00a0 \u00a0 \u00a0\u00a0158 Precio:\u00a0 5\u00a0\u20ac<\/p>\n","protected":false},"featured_media":6622,"template":"","meta":{"_joinchat":[]},"product_brand":[],"product_cat":[89,30,32],"product_tag":[264,395,335,106,396,62,68,223],"class_list":{"0":"post-6621","1":"product","2":"type-product","3":"status-publish","4":"has-post-thumbnail","6":"product_cat-antiguo-2","7":"product_cat-novela","8":"product_cat-novelaespanola","9":"product_tag-antiguo","10":"product_tag-castuo","11":"product_tag-clasica","12":"product_tag-espana","13":"product_tag-extremadura","14":"product_tag-idiomas","15":"product_tag-novela-2","16":"product_tag-novela-espanola","17":"pa_estado-usado","19":"first","20":"instock","21":"shipping-taxable","22":"purchasable","23":"product-type-simple"},"_links":{"self":[{"href":"https:\/\/trotajueves.es\/libreria\/wp-json\/wp\/v2\/product\/6621","targetHints":{"allow":["GET"]}}],"collection":[{"href":"https:\/\/trotajueves.es\/libreria\/wp-json\/wp\/v2\/product"}],"about":[{"href":"https:\/\/trotajueves.es\/libreria\/wp-json\/wp\/v2\/types\/product"}],"wp:featuredmedia":[{"embeddable":true,"href":"https:\/\/trotajueves.es\/libreria\/wp-json\/wp\/v2\/media\/6622"}],"wp:attachment":[{"href":"https:\/\/trotajueves.es\/libreria\/wp-json\/wp\/v2\/media?parent=6621"}],"wp:term":[{"taxonomy":"product_brand","embeddable":true,"href":"https:\/\/trotajueves.es\/libreria\/wp-json\/wp\/v2\/product_brand?post=6621"},{"taxonomy":"product_cat","embeddable":true,"href":"https:\/\/trotajueves.es\/libreria\/wp-json\/wp\/v2\/product_cat?post=6621"},{"taxonomy":"product_tag","embeddable":true,"href":"https:\/\/trotajueves.es\/libreria\/wp-json\/wp\/v2\/product_tag?post=6621"}],"curies":[{"name":"wp","href":"https:\/\/api.w.org\/{rel}","templated":true}]}}