{"id":663,"date":"2014-08-11T11:13:38","date_gmt":"2014-08-11T11:13:38","guid":{"rendered":"http:\/\/trotajueves.es\/libreria\/?post_type=product&#038;p=663"},"modified":"2015-03-05T14:41:14","modified_gmt":"2015-03-05T14:41:14","slug":"la-previa-muerte-del-lugarteniente-aloof","status":"publish","type":"product","link":"https:\/\/trotajueves.es\/libreria\/producto\/la-previa-muerte-del-lugarteniente-aloof\/","title":{"rendered":"La previa muerte del lugarteniente Aloof"},"content":{"rendered":"<p>AUTOR:\tPombo \/ \u00c1lvaro<br \/>\nESTADO:\tusado<br \/>\nI.S.B.N.:\t978-84-339-7202-6<br \/>\nA\u00f1o:\t2009<br \/>\nEditorial:\tAnagrama<br \/>\nP\u00e1ginas:\t180<br \/>\nPrecio:\t8<\/p>\n","protected":false},"excerpt":{"rendered":"<p>Un aventurero peculiar que es, adem\u00e1s, reflexivo y que trata de entender por qu\u00e9 hace lo que hace, por qu\u00e9 se aventura en sus aventuras. La trama de la novela es en parte aventura y en parte filos\u00f3fica.<\/p>\n","protected":false},"featured_media":664,"template":"","meta":{"_joinchat":[]},"product_brand":[],"product_cat":[30,23],"product_tag":[7],"class_list":{"0":"post-663","1":"product","2":"type-product","3":"status-publish","4":"has-post-thumbnail","6":"product_cat-novela","7":"product_cat-novelaextranjera","8":"product_tag-contemporanea","9":"pa_estado-usado","11":"first","12":"instock","13":"shipping-taxable","14":"purchasable","15":"product-type-simple"},"_links":{"self":[{"href":"https:\/\/trotajueves.es\/libreria\/wp-json\/wp\/v2\/product\/663","targetHints":{"allow":["GET"]}}],"collection":[{"href":"https:\/\/trotajueves.es\/libreria\/wp-json\/wp\/v2\/product"}],"about":[{"href":"https:\/\/trotajueves.es\/libreria\/wp-json\/wp\/v2\/types\/product"}],"wp:featuredmedia":[{"embeddable":true,"href":"https:\/\/trotajueves.es\/libreria\/wp-json\/wp\/v2\/media\/664"}],"wp:attachment":[{"href":"https:\/\/trotajueves.es\/libreria\/wp-json\/wp\/v2\/media?parent=663"}],"wp:term":[{"taxonomy":"product_brand","embeddable":true,"href":"https:\/\/trotajueves.es\/libreria\/wp-json\/wp\/v2\/product_brand?post=663"},{"taxonomy":"product_cat","embeddable":true,"href":"https:\/\/trotajueves.es\/libreria\/wp-json\/wp\/v2\/product_cat?post=663"},{"taxonomy":"product_tag","embeddable":true,"href":"https:\/\/trotajueves.es\/libreria\/wp-json\/wp\/v2\/product_tag?post=663"}],"curies":[{"name":"wp","href":"https:\/\/api.w.org\/{rel}","templated":true}]}}