{"id":6659,"date":"2020-05-15T16:23:05","date_gmt":"2020-05-15T16:23:05","guid":{"rendered":"http:\/\/trotajueves.es\/libreria\/?post_type=product&#038;p=6659"},"modified":"2020-05-15T16:25:06","modified_gmt":"2020-05-15T16:25:06","slug":"el-ultimo-secreto-de-james-dean-nino-fosil-los-ninos-oscuros-de-morelia","status":"publish","type":"product","link":"https:\/\/trotajueves.es\/libreria\/producto\/el-ultimo-secreto-de-james-dean-nino-fosil-los-ninos-oscuros-de-morelia\/","title":{"rendered":"El \u00faltimo secreto de James Dean. Ni\u00f1o f\u00f3sil. Los ni\u00f1os oscuros de Morelia"},"content":{"rendered":"<p>AUTOR:\u00a0 \u00a0 \u00a0 \u00a0 \u00a0 \u00a0 Albert Tola<\/p>\n<p>ESTADO:\u00a0 \u00a0 \u00a0 \u00a0\u00a0nuevo<\/p>\n<p>I.S.B.N.:\u00a0 \u00a0 \u00a0 \u00a0 \u00a0 9788493788179<\/p>\n<p>A\u00f1o:\u00a0 \u00a0 \u00a02015<\/p>\n<p>editorial :\u00a0 \u00a0El astillero<\/p>\n<p>P\u00e1ginas:\u00a0 \u00a0 \u00a0\u00a0135<\/p>\n<p>Precio:\u00a0 8\u00a0\u20ac<\/p>\n","protected":false},"excerpt":{"rendered":"<p>AUTOR:\u00a0 \u00a0 \u00a0 \u00a0 \u00a0 \u00a0 Albert Tola ESTADO:\u00a0 \u00a0 \u00a0 \u00a0\u00a0nuevo I.S.B.N.:\u00a0 \u00a0 \u00a0 \u00a0 \u00a0 9788493788179 A\u00f1o:\u00a0 \u00a0 \u00a02015 editorial :\u00a0 \u00a0El astillero P\u00e1ginas:\u00a0 \u00a0 \u00a0\u00a0135 Precio:\u00a0 8\u00a0\u20ac<\/p>\n","protected":false},"featured_media":6660,"template":"","meta":{"_joinchat":[]},"product_brand":[],"product_cat":[36,39,153],"product_tag":[7,106,121,257,77],"class_list":{"0":"post-6659","1":"product","2":"type-product","3":"status-publish","4":"has-post-thumbnail","6":"product_cat-nuevoautor","7":"product_cat-nuevosotros","8":"product_cat-teatro","9":"product_tag-contemporanea","10":"product_tag-espana","11":"product_tag-europa","12":"product_tag-nuevo","13":"product_tag-teatro","14":"pa_estado-nuevo","16":"first","17":"instock","18":"shipping-taxable","19":"purchasable","20":"product-type-simple"},"_links":{"self":[{"href":"https:\/\/trotajueves.es\/libreria\/wp-json\/wp\/v2\/product\/6659","targetHints":{"allow":["GET"]}}],"collection":[{"href":"https:\/\/trotajueves.es\/libreria\/wp-json\/wp\/v2\/product"}],"about":[{"href":"https:\/\/trotajueves.es\/libreria\/wp-json\/wp\/v2\/types\/product"}],"wp:featuredmedia":[{"embeddable":true,"href":"https:\/\/trotajueves.es\/libreria\/wp-json\/wp\/v2\/media\/6660"}],"wp:attachment":[{"href":"https:\/\/trotajueves.es\/libreria\/wp-json\/wp\/v2\/media?parent=6659"}],"wp:term":[{"taxonomy":"product_brand","embeddable":true,"href":"https:\/\/trotajueves.es\/libreria\/wp-json\/wp\/v2\/product_brand?post=6659"},{"taxonomy":"product_cat","embeddable":true,"href":"https:\/\/trotajueves.es\/libreria\/wp-json\/wp\/v2\/product_cat?post=6659"},{"taxonomy":"product_tag","embeddable":true,"href":"https:\/\/trotajueves.es\/libreria\/wp-json\/wp\/v2\/product_tag?post=6659"}],"curies":[{"name":"wp","href":"https:\/\/api.w.org\/{rel}","templated":true}]}}