{"id":6711,"date":"2020-05-15T18:16:05","date_gmt":"2020-05-15T18:16:05","guid":{"rendered":"http:\/\/trotajueves.es\/libreria\/?post_type=product&#038;p=6711"},"modified":"2020-05-15T18:17:19","modified_gmt":"2020-05-15T18:17:19","slug":"el-verdugo-de-sevilla","status":"publish","type":"product","link":"https:\/\/trotajueves.es\/libreria\/producto\/el-verdugo-de-sevilla\/","title":{"rendered":"El verdugo de Sevilla"},"content":{"rendered":"<p>AUTOR:\u00a0 \u00a0 \u00a0 \u00a0 \u00a0 \u00a0 Mu\u00f1oz Seca y Garc\u00eda \u00c1lvarez<\/p>\n<p>ESTADO:\u00a0 \u00a0 \u00a0 \u00a0 usado<\/p>\n<p>I.S.B.N.:\u00a0 \u00a0 \u00a0 \u00a0 8470305182<\/p>\n<p>A\u00f1o:\u00a0 \u00a0 \u00a01998<\/p>\n<p>editorial :\u00a0 Argentaria<\/p>\n<p>P\u00e1ginas:\u00a0 \u00a0 \u00a0\u00a0126<\/p>\n<p>Precio:\u00a0 4\u00a0\u20ac<\/p>\n","protected":false},"excerpt":{"rendered":"<p>AUTOR:\u00a0 \u00a0 \u00a0 \u00a0 \u00a0 \u00a0 Mu\u00f1oz Seca y Garc\u00eda \u00c1lvarez ESTADO:\u00a0 \u00a0 \u00a0 \u00a0 usado I.S.B.N.:\u00a0 \u00a0 \u00a0 \u00a0 8470305182 A\u00f1o:\u00a0 \u00a0 \u00a01998 editorial :\u00a0 Argentaria P\u00e1ginas:\u00a0 \u00a0 \u00a0\u00a0126 Precio:\u00a0 4\u00a0\u20ac<\/p>\n","protected":false},"featured_media":6712,"template":"","meta":{"_joinchat":[]},"product_brand":[],"product_cat":[153],"product_tag":[51,106,77],"class_list":{"0":"post-6711","1":"product","2":"type-product","3":"status-publish","4":"has-post-thumbnail","6":"product_cat-teatro","7":"product_tag-clasico","8":"product_tag-espana","9":"product_tag-teatro","10":"pa_estado-usado","12":"first","13":"instock","14":"shipping-taxable","15":"purchasable","16":"product-type-simple"},"_links":{"self":[{"href":"https:\/\/trotajueves.es\/libreria\/wp-json\/wp\/v2\/product\/6711","targetHints":{"allow":["GET"]}}],"collection":[{"href":"https:\/\/trotajueves.es\/libreria\/wp-json\/wp\/v2\/product"}],"about":[{"href":"https:\/\/trotajueves.es\/libreria\/wp-json\/wp\/v2\/types\/product"}],"wp:featuredmedia":[{"embeddable":true,"href":"https:\/\/trotajueves.es\/libreria\/wp-json\/wp\/v2\/media\/6712"}],"wp:attachment":[{"href":"https:\/\/trotajueves.es\/libreria\/wp-json\/wp\/v2\/media?parent=6711"}],"wp:term":[{"taxonomy":"product_brand","embeddable":true,"href":"https:\/\/trotajueves.es\/libreria\/wp-json\/wp\/v2\/product_brand?post=6711"},{"taxonomy":"product_cat","embeddable":true,"href":"https:\/\/trotajueves.es\/libreria\/wp-json\/wp\/v2\/product_cat?post=6711"},{"taxonomy":"product_tag","embeddable":true,"href":"https:\/\/trotajueves.es\/libreria\/wp-json\/wp\/v2\/product_tag?post=6711"}],"curies":[{"name":"wp","href":"https:\/\/api.w.org\/{rel}","templated":true}]}}