{"id":695,"date":"2014-08-11T13:32:24","date_gmt":"2014-08-11T13:32:24","guid":{"rendered":"http:\/\/trotajueves.es\/libreria\/?post_type=product&#038;p=695"},"modified":"2015-03-05T14:52:46","modified_gmt":"2015-03-05T14:52:46","slug":"no-vuelvas","status":"publish","type":"product","link":"https:\/\/trotajueves.es\/libreria\/producto\/no-vuelvas\/","title":{"rendered":"No vuelvas"},"content":{"rendered":"<p>AUTOR:\tDe Toro \/ Suso<br \/>\nESTADO:\tNuevo<br \/>\nI.S.B.N.:\t84-226-8903-0<br \/>\nA\u00f1o:\t2001<br \/>\nEditorial:\tC\u00edrculo de lectores.<br \/>\nP\u00e1ginas:\t185<br \/>\nPrecio:\t3<\/p>\n","protected":false},"excerpt":{"rendered":"<p>AUTOR: De Toro \/ Suso ESTADO: Nuevo I.S.B.N.: 84-226-8903-0 A\u00f1o: 2001 Editorial: C\u00edrculo de lectores. P\u00e1ginas: 185 Precio: 3<\/p>\n","protected":false},"featured_media":696,"template":"","meta":{"_joinchat":[]},"product_brand":[],"product_cat":[30,32],"product_tag":[7],"class_list":{"0":"post-695","1":"product","2":"type-product","3":"status-publish","4":"has-post-thumbnail","6":"product_cat-novela","7":"product_cat-novelaespanola","8":"product_tag-contemporanea","9":"pa_estado-nuevo","11":"first","12":"instock","13":"shipping-taxable","14":"purchasable","15":"product-type-simple"},"_links":{"self":[{"href":"https:\/\/trotajueves.es\/libreria\/wp-json\/wp\/v2\/product\/695","targetHints":{"allow":["GET"]}}],"collection":[{"href":"https:\/\/trotajueves.es\/libreria\/wp-json\/wp\/v2\/product"}],"about":[{"href":"https:\/\/trotajueves.es\/libreria\/wp-json\/wp\/v2\/types\/product"}],"wp:featuredmedia":[{"embeddable":true,"href":"https:\/\/trotajueves.es\/libreria\/wp-json\/wp\/v2\/media\/696"}],"wp:attachment":[{"href":"https:\/\/trotajueves.es\/libreria\/wp-json\/wp\/v2\/media?parent=695"}],"wp:term":[{"taxonomy":"product_brand","embeddable":true,"href":"https:\/\/trotajueves.es\/libreria\/wp-json\/wp\/v2\/product_brand?post=695"},{"taxonomy":"product_cat","embeddable":true,"href":"https:\/\/trotajueves.es\/libreria\/wp-json\/wp\/v2\/product_cat?post=695"},{"taxonomy":"product_tag","embeddable":true,"href":"https:\/\/trotajueves.es\/libreria\/wp-json\/wp\/v2\/product_tag?post=695"}],"curies":[{"name":"wp","href":"https:\/\/api.w.org\/{rel}","templated":true}]}}