{"id":722,"date":"2014-08-11T14:24:27","date_gmt":"2014-08-11T14:24:27","guid":{"rendered":"http:\/\/trotajueves.es\/libreria\/?post_type=product&#038;p=722"},"modified":"2015-03-05T14:49:38","modified_gmt":"2015-03-05T14:49:38","slug":"taksim","status":"publish","type":"product","link":"https:\/\/trotajueves.es\/libreria\/producto\/taksim\/","title":{"rendered":"Taksim"},"content":{"rendered":"<p>AUTOR:\tSard\u00e1 \/ Juan<br \/>\nESTADO:\tseminuevo<br \/>\nI.S.B.N.:\t978-84-8365-318-0<br \/>\nA\u00f1o:\t2012<br \/>\nEditorial:\tSantillana<br \/>\nP\u00e1ginas:\t516<br \/>\nPrecio:\t12<\/p>\n","protected":false},"excerpt":{"rendered":"<p>En el a\u00f1o 2080, m\u00e1s de 60 a\u00f1os despu\u00e9s de una guerra mundial provocada por la crisis econ\u00f3mica, el mundo est\u00e1 dominado por las multinacionales. Taksim plantea un universo dominado por la cultura de los famosos y la precariedad de las relaciones sentimentales donde se suceden los agentes secretos y las conspiraciones. Una sociedad ultracompetitiva donde los humanos prefieren relacionarse con robots por temor a fracasar. <\/p>\n","protected":false},"featured_media":723,"template":"","meta":{"_joinchat":[]},"product_brand":[],"product_cat":[30,32],"product_tag":[48],"class_list":{"0":"post-722","1":"product","2":"type-product","3":"status-publish","4":"has-post-thumbnail","6":"product_cat-novela","7":"product_cat-novelaespanola","8":"product_tag-cc-ficcion","9":"pa_estado-seminuevo","11":"first","12":"instock","13":"shipping-taxable","14":"purchasable","15":"product-type-simple"},"_links":{"self":[{"href":"https:\/\/trotajueves.es\/libreria\/wp-json\/wp\/v2\/product\/722","targetHints":{"allow":["GET"]}}],"collection":[{"href":"https:\/\/trotajueves.es\/libreria\/wp-json\/wp\/v2\/product"}],"about":[{"href":"https:\/\/trotajueves.es\/libreria\/wp-json\/wp\/v2\/types\/product"}],"wp:featuredmedia":[{"embeddable":true,"href":"https:\/\/trotajueves.es\/libreria\/wp-json\/wp\/v2\/media\/723"}],"wp:attachment":[{"href":"https:\/\/trotajueves.es\/libreria\/wp-json\/wp\/v2\/media?parent=722"}],"wp:term":[{"taxonomy":"product_brand","embeddable":true,"href":"https:\/\/trotajueves.es\/libreria\/wp-json\/wp\/v2\/product_brand?post=722"},{"taxonomy":"product_cat","embeddable":true,"href":"https:\/\/trotajueves.es\/libreria\/wp-json\/wp\/v2\/product_cat?post=722"},{"taxonomy":"product_tag","embeddable":true,"href":"https:\/\/trotajueves.es\/libreria\/wp-json\/wp\/v2\/product_tag?post=722"}],"curies":[{"name":"wp","href":"https:\/\/api.w.org\/{rel}","templated":true}]}}