{"id":7493,"date":"2020-06-08T20:01:38","date_gmt":"2020-06-08T20:01:38","guid":{"rendered":"http:\/\/trotajueves.es\/libreria\/?post_type=product&#038;p=7493"},"modified":"2020-06-08T20:03:43","modified_gmt":"2020-06-08T20:03:43","slug":"el-cielo-de-madrid","status":"publish","type":"product","link":"https:\/\/trotajueves.es\/libreria\/producto\/el-cielo-de-madrid\/","title":{"rendered":"El cielo de Madrid"},"content":{"rendered":"<p>AUTOR:\u00a0 \u00a0 Llamazares, Julio<\/p>\n<p>ESTADO:\u00a0\u00a0\u00a0\u00a0\u00a0\u00a0\u00a0 usado<\/p>\n<p>I.S.B.N.:\u00a0 \u00a0 \u00a0 \u00a0 9788420467573<\/p>\n<p>A\u00f1o:\u00a0 \u00a0 2005<\/p>\n<p>Editorial:\u00a0 Alfaguara<\/p>\n<p>P\u00e1ginas:\u00a0 \u00a0 \u00a0 \u00a0 264<\/p>\n<p>Precio:\u00a04 \u20ac<\/p>\n","protected":false},"excerpt":{"rendered":"<p>En los papeles carmes\u00edes que emple\u00f3 la Canciller\u00eda de la Alhambra, Boabdil,el \u00faltimo sult\u00e1n, da testimonio de su vida a la vez q la goza o la sufre.<\/p>\n","protected":false},"featured_media":7494,"template":"","meta":{"_joinchat":[]},"product_brand":[],"product_cat":[30,32],"product_tag":[7,108,68,223],"class_list":{"0":"post-7493","1":"product","2":"type-product","3":"status-publish","4":"has-post-thumbnail","6":"product_cat-novela","7":"product_cat-novelaespanola","8":"product_tag-contemporanea","9":"product_tag-madrid","10":"product_tag-novela-2","11":"product_tag-novela-espanola","12":"pa_estado-seminuevo","14":"first","15":"instock","16":"shipping-taxable","17":"purchasable","18":"product-type-simple"},"_links":{"self":[{"href":"https:\/\/trotajueves.es\/libreria\/wp-json\/wp\/v2\/product\/7493","targetHints":{"allow":["GET"]}}],"collection":[{"href":"https:\/\/trotajueves.es\/libreria\/wp-json\/wp\/v2\/product"}],"about":[{"href":"https:\/\/trotajueves.es\/libreria\/wp-json\/wp\/v2\/types\/product"}],"wp:featuredmedia":[{"embeddable":true,"href":"https:\/\/trotajueves.es\/libreria\/wp-json\/wp\/v2\/media\/7494"}],"wp:attachment":[{"href":"https:\/\/trotajueves.es\/libreria\/wp-json\/wp\/v2\/media?parent=7493"}],"wp:term":[{"taxonomy":"product_brand","embeddable":true,"href":"https:\/\/trotajueves.es\/libreria\/wp-json\/wp\/v2\/product_brand?post=7493"},{"taxonomy":"product_cat","embeddable":true,"href":"https:\/\/trotajueves.es\/libreria\/wp-json\/wp\/v2\/product_cat?post=7493"},{"taxonomy":"product_tag","embeddable":true,"href":"https:\/\/trotajueves.es\/libreria\/wp-json\/wp\/v2\/product_tag?post=7493"}],"curies":[{"name":"wp","href":"https:\/\/api.w.org\/{rel}","templated":true}]}}