{"id":757,"date":"2014-08-12T13:20:31","date_gmt":"2014-08-12T13:20:31","guid":{"rendered":"http:\/\/trotajueves.es\/libreria\/?post_type=product&#038;p=757"},"modified":"2015-12-23T20:36:00","modified_gmt":"2015-12-23T20:36:00","slug":"romance-de-baybars-flor-de-truhanes","status":"publish","type":"product","link":"https:\/\/trotajueves.es\/libreria\/producto\/romance-de-baybars-flor-de-truhanes\/","title":{"rendered":"Romance de Baybars: Flor de Truhanes"},"content":{"rendered":"<p>AUTOR:\tAn\u00f3nimo<br \/>\nESTADO:\t Nuevo<br \/>\nI.S.B.N.:\t 84-95537-24-9<br \/>\nA\u00f1o:\t 2.003<br \/>\nEditorial:\t Jaguar<br \/>\nP\u00e1ginas:\t 311<br \/>\nPrecio:\t15<\/p>\n","protected":false},"excerpt":{"rendered":"<p>AUTOR: An\u00f3nimo ESTADO: Nuevo I.S.B.N.: 84-95537-24-9 A\u00f1o: 2.003 Editorial: Jaguar P\u00e1ginas: 311 Precio: 15<\/p>\n","protected":false},"featured_media":758,"template":"","meta":{"_joinchat":[]},"product_brand":[],"product_cat":[208,31,250],"product_tag":[51],"class_list":{"0":"post-757","1":"product","2":"type-product","3":"status-publish","4":"has-post-thumbnail","6":"product_cat-asia","7":"product_cat-relato","8":"product_cat-tradicicuento","9":"product_tag-clasico","10":"pa_estado-nuevo","12":"first","13":"instock","14":"shipping-taxable","15":"purchasable","16":"product-type-simple"},"_links":{"self":[{"href":"https:\/\/trotajueves.es\/libreria\/wp-json\/wp\/v2\/product\/757","targetHints":{"allow":["GET"]}}],"collection":[{"href":"https:\/\/trotajueves.es\/libreria\/wp-json\/wp\/v2\/product"}],"about":[{"href":"https:\/\/trotajueves.es\/libreria\/wp-json\/wp\/v2\/types\/product"}],"wp:featuredmedia":[{"embeddable":true,"href":"https:\/\/trotajueves.es\/libreria\/wp-json\/wp\/v2\/media\/758"}],"wp:attachment":[{"href":"https:\/\/trotajueves.es\/libreria\/wp-json\/wp\/v2\/media?parent=757"}],"wp:term":[{"taxonomy":"product_brand","embeddable":true,"href":"https:\/\/trotajueves.es\/libreria\/wp-json\/wp\/v2\/product_brand?post=757"},{"taxonomy":"product_cat","embeddable":true,"href":"https:\/\/trotajueves.es\/libreria\/wp-json\/wp\/v2\/product_cat?post=757"},{"taxonomy":"product_tag","embeddable":true,"href":"https:\/\/trotajueves.es\/libreria\/wp-json\/wp\/v2\/product_tag?post=757"}],"curies":[{"name":"wp","href":"https:\/\/api.w.org\/{rel}","templated":true}]}}