{"id":7578,"date":"2020-06-13T19:57:57","date_gmt":"2020-06-13T19:57:57","guid":{"rendered":"http:\/\/trotajueves.es\/libreria\/?post_type=product&#038;p=7578"},"modified":"2020-06-13T20:00:22","modified_gmt":"2020-06-13T20:00:22","slug":"de-tu-a-tu-la-buena-comunicacion-de-gobierno","status":"publish","type":"product","link":"https:\/\/trotajueves.es\/libreria\/producto\/de-tu-a-tu-la-buena-comunicacion-de-gobierno\/","title":{"rendered":"De t\u00fa a t\u00fa: la buena comunicaci\u00f3n de gobierno"},"content":{"rendered":"<p>AUTOR:\u00a0 Morej\u00f3n Ram\u00edrez de Oc\u00e1riz,\u00a0 Yuri<\/p>\n<p>ESTADO:\u00a0\u00a0\u00a0\u00a0\u00a0\u00a0\u00a0\u00a0 usado<\/p>\n<p>I.S.B.N.:\u00a0 \u00a0 \u00a09788461401178<\/p>\n<p>A\u00f1o:\u00a0 \u00a0 \u00a02010<\/p>\n<p>Editorial:\u00a0 \u00a0 Autoedici\u00f3n<\/p>\n<p>P\u00e1ginas:\u00a0 \u00a0 \u00a0 \u00a0 \u00a053<\/p>\n<p>Precio:\u00a04 \u20ac<\/p>\n","protected":false},"excerpt":{"rendered":"<p>AUTOR:\u00a0 Morej\u00f3n Ram\u00edrez de Oc\u00e1riz,\u00a0 Yuri ESTADO:\u00a0\u00a0\u00a0\u00a0\u00a0\u00a0\u00a0\u00a0 usado I.S.B.N.:\u00a0 \u00a0 \u00a09788461401178 A\u00f1o:\u00a0 \u00a0 \u00a02010 Editorial:\u00a0 \u00a0 Autoedici\u00f3n P\u00e1ginas:\u00a0 \u00a0 \u00a0 \u00a0 \u00a053 Precio:\u00a04 \u20ac<\/p>\n","protected":false},"featured_media":7579,"template":"","meta":{"_joinchat":[]},"product_brand":[],"product_cat":[42],"product_tag":[413,72],"class_list":{"0":"post-7578","1":"product","2":"type-product","3":"status-publish","4":"has-post-thumbnail","6":"product_cat-ensayo","7":"product_tag-derechos","8":"product_tag-politica","9":"pa_estado-usado","11":"first","12":"instock","13":"shipping-taxable","14":"purchasable","15":"product-type-simple"},"_links":{"self":[{"href":"https:\/\/trotajueves.es\/libreria\/wp-json\/wp\/v2\/product\/7578","targetHints":{"allow":["GET"]}}],"collection":[{"href":"https:\/\/trotajueves.es\/libreria\/wp-json\/wp\/v2\/product"}],"about":[{"href":"https:\/\/trotajueves.es\/libreria\/wp-json\/wp\/v2\/types\/product"}],"wp:featuredmedia":[{"embeddable":true,"href":"https:\/\/trotajueves.es\/libreria\/wp-json\/wp\/v2\/media\/7579"}],"wp:attachment":[{"href":"https:\/\/trotajueves.es\/libreria\/wp-json\/wp\/v2\/media?parent=7578"}],"wp:term":[{"taxonomy":"product_brand","embeddable":true,"href":"https:\/\/trotajueves.es\/libreria\/wp-json\/wp\/v2\/product_brand?post=7578"},{"taxonomy":"product_cat","embeddable":true,"href":"https:\/\/trotajueves.es\/libreria\/wp-json\/wp\/v2\/product_cat?post=7578"},{"taxonomy":"product_tag","embeddable":true,"href":"https:\/\/trotajueves.es\/libreria\/wp-json\/wp\/v2\/product_tag?post=7578"}],"curies":[{"name":"wp","href":"https:\/\/api.w.org\/{rel}","templated":true}]}}