{"id":7606,"date":"2020-06-17T17:55:53","date_gmt":"2020-06-17T17:55:53","guid":{"rendered":"http:\/\/trotajueves.es\/libreria\/?post_type=product&#038;p=7606"},"modified":"2020-06-17T17:57:01","modified_gmt":"2020-06-17T17:57:01","slug":"cartas-a-un-principe","status":"publish","type":"product","link":"https:\/\/trotajueves.es\/libreria\/producto\/cartas-a-un-principe\/","title":{"rendered":"Cartas a un pr\u00edncipe"},"content":{"rendered":"<p>AUTOR: G\u00f3mez P\u00e9rez, Rafael<\/p>\n<p>ESTADO:\u00a0\u00a0\u00a0\u00a0\u00a0\u00a0\u00a0\u00a0 usado<\/p>\n<p>I.S.B.N.:<\/p>\n<p>A\u00f1o:\u00a0 \u00a0 \u00a01970<\/p>\n<p>Editorial:\u00a0 \u00a0 \u00a0 Magisterio espa\u00f1ol<\/p>\n<p>P\u00e1ginas:\u00a0 \u00a0 \u00a0 \u00a0 \u00a0\u00a0158<\/p>\n<p>Precio: 2 \u20ac<\/p>\n","protected":false},"excerpt":{"rendered":"<p>AUTOR: G\u00f3mez P\u00e9rez, Rafael ESTADO:\u00a0\u00a0\u00a0\u00a0\u00a0\u00a0\u00a0\u00a0 usado I.S.B.N.: A\u00f1o:\u00a0 \u00a0 \u00a01970 Editorial:\u00a0 \u00a0 \u00a0 Magisterio espa\u00f1ol P\u00e1ginas:\u00a0 \u00a0 \u00a0 \u00a0 \u00a0\u00a0158 Precio: 2 \u20ac<\/p>\n","protected":false},"featured_media":7607,"template":"","meta":{"_joinchat":[]},"product_brand":[],"product_cat":[42,43],"product_tag":[224,55,69,72,76],"class_list":{"0":"post-7606","1":"product","2":"type-product","3":"status-publish","4":"has-post-thumbnail","6":"product_cat-ensayo","7":"product_cat-humanidades","8":"product_tag-ensayo","9":"product_tag-filosofia","10":"product_tag-pensamiento","11":"product_tag-politica","12":"product_tag-sociologia","13":"pa_estado-usado","15":"first","16":"instock","17":"shipping-taxable","18":"purchasable","19":"product-type-simple"},"_links":{"self":[{"href":"https:\/\/trotajueves.es\/libreria\/wp-json\/wp\/v2\/product\/7606","targetHints":{"allow":["GET"]}}],"collection":[{"href":"https:\/\/trotajueves.es\/libreria\/wp-json\/wp\/v2\/product"}],"about":[{"href":"https:\/\/trotajueves.es\/libreria\/wp-json\/wp\/v2\/types\/product"}],"wp:featuredmedia":[{"embeddable":true,"href":"https:\/\/trotajueves.es\/libreria\/wp-json\/wp\/v2\/media\/7607"}],"wp:attachment":[{"href":"https:\/\/trotajueves.es\/libreria\/wp-json\/wp\/v2\/media?parent=7606"}],"wp:term":[{"taxonomy":"product_brand","embeddable":true,"href":"https:\/\/trotajueves.es\/libreria\/wp-json\/wp\/v2\/product_brand?post=7606"},{"taxonomy":"product_cat","embeddable":true,"href":"https:\/\/trotajueves.es\/libreria\/wp-json\/wp\/v2\/product_cat?post=7606"},{"taxonomy":"product_tag","embeddable":true,"href":"https:\/\/trotajueves.es\/libreria\/wp-json\/wp\/v2\/product_tag?post=7606"}],"curies":[{"name":"wp","href":"https:\/\/api.w.org\/{rel}","templated":true}]}}