{"id":7946,"date":"2020-12-17T18:00:00","date_gmt":"2020-12-17T17:00:00","guid":{"rendered":"http:\/\/trotajueves.es\/libreria\/?post_type=product&#038;p=7946"},"modified":"2021-08-20T20:14:41","modified_gmt":"2021-08-20T18:14:41","slug":"rimas-y-venenos","status":"publish","type":"product","link":"https:\/\/trotajueves.es\/libreria\/producto\/rimas-y-venenos\/","title":{"rendered":"Rimas y venenos"},"content":{"rendered":"<p>AUTOR: Wonham, Anita<br \/>\nESTADO:\u00a0NUEVO<br \/>\nI.S.B.N.: 978841581634<br \/>\nA\u00f1o: 2019<br \/>\nEditorial: icono14<br \/>\nP\u00e1ginas:\u00a0\u00a079<br \/>\nPrecio: 10 \u20ac<\/p>\n","protected":false},"excerpt":{"rendered":"<p>\u00abRimas y venenos\u00bb es el poemario Uno, una audacia tard\u00eda de una poetisa novel. Son 63 poemas, algunos con rima y otros&#8230; no. Poes\u00eda por descubrir, todo luz sin costuras, ni l\u00edmites; una luz absoluta sin espacio, ni tiempo.<\/p>\n","protected":false},"featured_media":7947,"template":"","meta":{"_joinchat":[]},"product_brand":[],"product_cat":[35,36],"product_tag":[108,82,71],"class_list":{"0":"post-7946","1":"product","2":"type-product","3":"status-publish","4":"has-post-thumbnail","6":"product_cat-nuevapoesia","7":"product_cat-nuevoautor","8":"product_tag-madrid","9":"product_tag-nuevos-autores","10":"product_tag-poesia-2","11":"pa_estado-nuevo","13":"first","14":"instock","15":"shipping-taxable","16":"purchasable","17":"product-type-simple"},"_links":{"self":[{"href":"https:\/\/trotajueves.es\/libreria\/wp-json\/wp\/v2\/product\/7946","targetHints":{"allow":["GET"]}}],"collection":[{"href":"https:\/\/trotajueves.es\/libreria\/wp-json\/wp\/v2\/product"}],"about":[{"href":"https:\/\/trotajueves.es\/libreria\/wp-json\/wp\/v2\/types\/product"}],"wp:featuredmedia":[{"embeddable":true,"href":"https:\/\/trotajueves.es\/libreria\/wp-json\/wp\/v2\/media\/7947"}],"wp:attachment":[{"href":"https:\/\/trotajueves.es\/libreria\/wp-json\/wp\/v2\/media?parent=7946"}],"wp:term":[{"taxonomy":"product_brand","embeddable":true,"href":"https:\/\/trotajueves.es\/libreria\/wp-json\/wp\/v2\/product_brand?post=7946"},{"taxonomy":"product_cat","embeddable":true,"href":"https:\/\/trotajueves.es\/libreria\/wp-json\/wp\/v2\/product_cat?post=7946"},{"taxonomy":"product_tag","embeddable":true,"href":"https:\/\/trotajueves.es\/libreria\/wp-json\/wp\/v2\/product_tag?post=7946"}],"curies":[{"name":"wp","href":"https:\/\/api.w.org\/{rel}","templated":true}]}}