{"id":8818,"date":"2021-09-06T18:57:06","date_gmt":"2021-09-06T16:57:06","guid":{"rendered":"http:\/\/trotajueves.es\/libreria\/?post_type=product&#038;p=8818"},"modified":"2021-09-06T18:59:24","modified_gmt":"2021-09-06T16:59:24","slug":"espana-inteligible-razon-historica-de-las-espanas","status":"publish","type":"product","link":"https:\/\/trotajueves.es\/libreria\/producto\/espana-inteligible-razon-historica-de-las-espanas\/","title":{"rendered":"Espa\u00f1a inteligible : raz\u00f3n hist\u00f3rica de las Espa\u00f1as"},"content":{"rendered":"<p>AUTOR:\u00a0 \u00a0 \u00a0 \u00a0 \u00a0 \u00a0 mar\u00edas, Juli\u00e1n<\/p>\n<p>ESTADO:\u00a0 \u00a0 \u00a0\u00a0usado<\/p>\n<p>I.S.B.N.:\u00a0 \u00a0 \u00a0 842062442X<\/p>\n<p>A\u00f1o:\u00a0 \u00a0 \u00a01981<\/p>\n<p>Editorial:\u00a0 \u00a0 \u00a0 \u00a0 \u00a0 Alianza editorial<\/p>\n<p>P\u00e1ginas:\u00a0 \u00a0 \u00a0\u00a0421<\/p>\n<p>Precio:\u00a0\u00a09<\/p>\n","protected":false},"excerpt":{"rendered":"<p>AUTOR:\u00a0 \u00a0 \u00a0 \u00a0 \u00a0 \u00a0 mar\u00edas, Juli\u00e1n ESTADO:\u00a0 \u00a0 \u00a0\u00a0usado I.S.B.N.:\u00a0 \u00a0 \u00a0 842062442X A\u00f1o:\u00a0 \u00a0 \u00a01981 Editorial:\u00a0 \u00a0 \u00a0 \u00a0 \u00a0 Alianza editorial P\u00e1ginas:\u00a0 \u00a0 \u00a0\u00a0421 Precio:\u00a0\u00a09<\/p>\n","protected":false},"featured_media":8819,"template":"","meta":{"_joinchat":[]},"product_brand":[],"product_cat":[42,43],"product_tag":[224,106,59,69,72],"class_list":{"0":"post-8818","1":"product","2":"type-product","3":"status-publish","4":"has-post-thumbnail","6":"product_cat-ensayo","7":"product_cat-humanidades","8":"product_tag-ensayo","9":"product_tag-espana","10":"product_tag-historia","11":"product_tag-pensamiento","12":"product_tag-politica","13":"pa_estado-usado","15":"first","16":"instock","17":"shipping-taxable","18":"purchasable","19":"product-type-simple"},"_links":{"self":[{"href":"https:\/\/trotajueves.es\/libreria\/wp-json\/wp\/v2\/product\/8818","targetHints":{"allow":["GET"]}}],"collection":[{"href":"https:\/\/trotajueves.es\/libreria\/wp-json\/wp\/v2\/product"}],"about":[{"href":"https:\/\/trotajueves.es\/libreria\/wp-json\/wp\/v2\/types\/product"}],"wp:featuredmedia":[{"embeddable":true,"href":"https:\/\/trotajueves.es\/libreria\/wp-json\/wp\/v2\/media\/8819"}],"wp:attachment":[{"href":"https:\/\/trotajueves.es\/libreria\/wp-json\/wp\/v2\/media?parent=8818"}],"wp:term":[{"taxonomy":"product_brand","embeddable":true,"href":"https:\/\/trotajueves.es\/libreria\/wp-json\/wp\/v2\/product_brand?post=8818"},{"taxonomy":"product_cat","embeddable":true,"href":"https:\/\/trotajueves.es\/libreria\/wp-json\/wp\/v2\/product_cat?post=8818"},{"taxonomy":"product_tag","embeddable":true,"href":"https:\/\/trotajueves.es\/libreria\/wp-json\/wp\/v2\/product_tag?post=8818"}],"curies":[{"name":"wp","href":"https:\/\/api.w.org\/{rel}","templated":true}]}}